{"id":399,"date":"2024-09-28T22:22:45","date_gmt":"2024-09-28T20:22:45","guid":{"rendered":"https:\/\/www.gerwicon.de\/?page_id=399"},"modified":"2024-11-02T12:06:04","modified_gmt":"2024-11-02T11:06:04","slug":"vorteile-einer-externen-dienstleistung-in-der-digitalisierung","status":"publish","type":"page","link":"https:\/\/www.gerwicon.de\/index.php\/vorteile-einer-externen-dienstleistung-in-der-digitalisierung\/","title":{"rendered":"Vorteile einer externen Digitalisierung"},"content":{"rendered":"\t\t<div data-elementor-type=\"wp-page\" data-elementor-id=\"399\" class=\"elementor elementor-399\">\n\t\t\t\t<div class=\"elementor-element elementor-element-68a85cc e-con-full e-flex e-con e-parent\" data-id=\"68a85cc\" data-element_type=\"container\" data-e-type=\"container\" data-settings=\"{&quot;background_background&quot;:&quot;classic&quot;}\">\n\t\t<div class=\"elementor-element elementor-element-f6c5528 e-con-full e-flex e-con e-child\" data-id=\"f6c5528\" data-element_type=\"container\" data-e-type=\"container\">\n\t\t\t\t<div class=\"elementor-element elementor-element-6dac608 elementor-widget__width-initial elementor-widget elementor-widget-heading\" data-id=\"6dac608\" data-element_type=\"widget\" data-e-type=\"widget\" data-widget_type=\"heading.default\">\n\t\t\t\t<div class=\"elementor-widget-container\">\n\t\t\t\t\t<h1 class=\"elementor-heading-title elementor-size-default\">Vorteile der externen Digitalisierung<\/h1>\t\t\t\t<\/div>\n\t\t\t\t<\/div>\n\t\t\t\t<\/div>\n\t\t\t\t<div class=\"elementor-element elementor-element-33704d4 elementor-widget__width-initial elementor-widget elementor-widget-heading\" data-id=\"33704d4\" data-element_type=\"widget\" data-e-type=\"widget\" id=\"Finanzbuchhaltung\" data-widget_type=\"heading.default\">\n\t\t\t\t<div class=\"elementor-widget-container\">\n\t\t\t\t\t<h2 class=\"elementor-heading-title elementor-size-default\">Expertise und Beratung<\/h2>\t\t\t\t<\/div>\n\t\t\t\t<\/div>\n\t\t\t\t<div class=\"elementor-element elementor-element-3ead9877 elementor-widget__width-initial elementor-widget elementor-widget-text-editor\" data-id=\"3ead9877\" data-element_type=\"widget\" data-e-type=\"widget\" data-widget_type=\"text-editor.default\">\n\t\t\t\t<div class=\"elementor-widget-container\">\n\t\t\t\t\t\t\t\t\t<p>Viele Unternehmen haben keinen klaren \u00dcberblick dar\u00fcber, welche digitalen Technologien und L\u00f6sungen f\u00fcr ihre Branche oder ihre spezifischen Gesch\u00e4ftsprozesse geeignet sind. Wir bringen umfassendes Wissen \u00fcber digitale Transformationen und Best Practices aus verschiedenen Branchen mit. Wir bieten eine fundierte Beratung, indem wir Ihre individuellen Bed\u00fcrfnisse analysieren und eine ma\u00dfgeschneiderte Digitalisierungsstrategie entwickeln.<\/p>\n<p>Wir k\u00f6nnen helfen, klare Ziele zu setzen, etwa die Effizienz zu steigern, Kosten zu senken oder neue Gesch\u00e4ftsmodelle zu entwickeln. Wir k\u00f6nnen zudem eine Digitalisierungsroadmap erstellen, die in Phasen aufzeigt, wie und wann bestimmte Technologien implementiert werden sollten, um den \u00dcbergang reibungslos zu gestalten.<\/p>\t\t\t\t\t\t\t\t<\/div>\n\t\t\t\t<\/div>\n\t\t\t\t<div class=\"elementor-element elementor-element-2b19242e elementor-widget__width-initial elementor-widget elementor-widget-heading\" data-id=\"2b19242e\" data-element_type=\"widget\" data-e-type=\"widget\" data-widget_type=\"heading.default\">\n\t\t\t\t<div class=\"elementor-widget-container\">\n\t\t\t\t\t<h2 class=\"elementor-heading-title elementor-size-default\">Technologieauswahl und Implementierung<\/h2>\t\t\t\t<\/div>\n\t\t\t\t<\/div>\n\t\t\t\t<div class=\"elementor-element elementor-element-17ad2a60 elementor-widget__width-initial elementor-widget elementor-widget-text-editor\" data-id=\"17ad2a60\" data-element_type=\"widget\" data-e-type=\"widget\" data-widget_type=\"text-editor.default\">\n\t\t\t\t<div class=\"elementor-widget-container\">\n\t\t\t\t\t\t\t\t\t<p>F\u00fcr Unternehmen kann die Auswahl der richtigen Technologien und Softwarel\u00f6sungen \u00fcberw\u00e4ltigend sein. Wir kennen uns mit den besten Tools auf dem Markt aus und helfen, die L\u00f6sungen auszuw\u00e4hlen, die am besten zu den spezifischen Anforderungen passen. Dies kann Cloud-L\u00f6sungen, Buchhaltungssoftware, Customer Relationship Management (CRM)-Systeme, Enterprise Resource Planning (ERP)-Systeme oder andere ma\u00dfgeschneiderte L\u00f6sungen umfassen.<\/p>\n<p>Neben der Technologieauswahl \u00fcbernehmen wir auch die Implementierung der digitalen L\u00f6sungen. Das bedeutet, dass wir die Software einrichten, Anpassungen vornehmen und sie in bestehende Prozesse integrieren. Diese Phase ist entscheidend, da Fehler in der Implementierung zu Ausf\u00e4llen oder ineffizienten Prozessen f\u00fchren k\u00f6nnen. Wir stellen sicher, dass alles reibungslos funktioniert.<\/p>\t\t\t\t\t\t\t\t<\/div>\n\t\t\t\t<\/div>\n\t\t\t\t<div class=\"elementor-element elementor-element-206d0bd7 elementor-widget__width-initial elementor-widget elementor-widget-heading\" data-id=\"206d0bd7\" data-element_type=\"widget\" data-e-type=\"widget\" id=\"Controlling\" data-widget_type=\"heading.default\">\n\t\t\t\t<div class=\"elementor-widget-container\">\n\t\t\t\t\t<h2 class=\"elementor-heading-title elementor-size-default\">Schulung und Support<\/h2>\t\t\t\t<\/div>\n\t\t\t\t<\/div>\n\t\t\t\t<div class=\"elementor-element elementor-element-129ec960 elementor-widget__width-initial elementor-widget elementor-widget-text-editor\" data-id=\"129ec960\" data-element_type=\"widget\" data-e-type=\"widget\" data-widget_type=\"text-editor.default\">\n\t\t\t\t<div class=\"elementor-widget-container\">\n\t\t\t\t\t\t\t\t\t<p>Der erfolgreiche Einsatz digitaler L\u00f6sungen h\u00e4ngt stark davon ab, wie gut die Mitarbeiter eines Unternehmens mit den neuen Technologien vertraut sind. Wir bieten Schulungen an, um sicherzustellen, dass alle Mitarbeiter die Systeme effektiv nutzen k\u00f6nnen. Wir f\u00fchren die Belegschaft in die neuen Arbeitsweisen ein, erkl\u00e4ren die Vorteile und bieten praktische Anleitungen, wie die Tools effizient im Alltag eingesetzt werden k\u00f6nnen.<\/p>\n<p>Zus\u00e4tzlich bieten wir fortlaufenden technischen Support, der insbesondere f\u00fcr kleine Unternehmen wertvoll ist, da sie oft keine eigenen IT-Abteilungen haben. Sollte es zu Problemen oder technischen Fragen kommen, stehen wir zur Verf\u00fcgung, um zeitnah L\u00f6sungen zu bieten, ohne dass der Betriebsablauf unn\u00f6tig gest\u00f6rt wird.<\/p>\t\t\t\t\t\t\t\t<\/div>\n\t\t\t\t<\/div>\n\t\t\t\t<div class=\"elementor-element elementor-element-160ec0f8 elementor-widget__width-initial elementor-widget elementor-widget-heading\" data-id=\"160ec0f8\" data-element_type=\"widget\" data-e-type=\"widget\" data-widget_type=\"heading.default\">\n\t\t\t\t<div class=\"elementor-widget-container\">\n\t\t\t\t\t<h2 class=\"elementor-heading-title elementor-size-default\">Prozessoptimierung und Automatisierung<\/h2>\t\t\t\t<\/div>\n\t\t\t\t<\/div>\n\t\t\t\t<div class=\"elementor-element elementor-element-53f8ddaf elementor-widget__width-initial elementor-widget elementor-widget-text-editor\" data-id=\"53f8ddaf\" data-element_type=\"widget\" data-e-type=\"widget\" data-widget_type=\"text-editor.default\">\n\t\t\t\t<div class=\"elementor-widget-container\">\n\t\t\t\t\t\t\t\t\t<p>Eine der Hauptvorteile der Digitalisierung ist die M\u00f6glichkeit, Gesch\u00e4ftsprozesse zu automatisieren und zu optimieren. Wir analysieren bestehende Abl\u00e4ufe und identifizieren M\u00f6glichkeiten, diese durch den Einsatz digitaler Tools effizienter zu gestalten. Dies kann beispielsweise die Automatisierung von Routineaufgaben wie Rechnungsstellung, Bestandsverwaltung oder Personalplanung beinhalten.<\/p>\n<p>Durch die Implementierung von Automatisierungstechnologien k\u00f6nnen manuelle, zeitaufw\u00e4ndige Aufgaben reduziert werden, was nicht nur die Effizienz steigert, sondern auch Fehler minimiert. Wir haben das notwendige Know-how, um die richtigen Tools zur Automatisierung zu finden und diese nahtlos in den bestehenden Gesch\u00e4ftsbetrieb zu integrieren.<\/p>\t\t\t\t\t\t\t\t<\/div>\n\t\t\t\t<\/div>\n\t\t\t\t<div class=\"elementor-element elementor-element-66ac63f1 elementor-widget__width-initial elementor-widget elementor-widget-heading\" data-id=\"66ac63f1\" data-element_type=\"widget\" data-e-type=\"widget\" id=\"Digitalisierung\" data-widget_type=\"heading.default\">\n\t\t\t\t<div class=\"elementor-widget-container\">\n\t\t\t\t\t<h2 class=\"elementor-heading-title elementor-size-default\">Datenschutz und \nIT-Sicherheit<\/h2>\t\t\t\t<\/div>\n\t\t\t\t<\/div>\n\t\t\t\t<div class=\"elementor-element elementor-element-6fbfe455 elementor-widget__width-initial elementor-widget elementor-widget-text-editor\" data-id=\"6fbfe455\" data-element_type=\"widget\" data-e-type=\"widget\" data-widget_type=\"text-editor.default\">\n\t\t\t\t<div class=\"elementor-widget-container\">\n\t\t\t\t\t\t\t\t\t<p>Mit der Digitalisierung steigen auch die Anforderungen an Datenschutz und IT-Sicherheit. Gerade kleine Unternehmen sind oft nicht ausreichend darauf vorbereitet, sensible Kundendaten und Gesch\u00e4ftsinformationen zu sch\u00fctzen. Wir bringen hier spezialisiertes Fachwissen mit, um sicherzustellen, dass alle digitalen Prozesse den geltenden Datenschutzgesetzen (wie z.B. der DSGVO) entsprechen und die IT-Infrastruktur sicher ist.<\/p>\n<p>Wir implementieren Sicherheitsma\u00dfnahmen wie Verschl\u00fcsselungstechnologien, Firewalls und Back-up-L\u00f6sungen, um sicherzustellen, dass die Daten vor unbefugtem Zugriff oder Verlust gesch\u00fctzt sind. Wir helfen au\u00dferdem dabei, Sicherheitsl\u00fccken zu identifizieren und zu schlie\u00dfen, was das Risiko von Cyberangriffen oder Datenlecks minimiert.<\/p>\t\t\t\t\t\t\t\t<\/div>\n\t\t\t\t<\/div>\n\t\t\t\t<div class=\"elementor-element elementor-element-4f06390d elementor-widget__width-initial elementor-widget elementor-widget-heading\" data-id=\"4f06390d\" data-element_type=\"widget\" data-e-type=\"widget\" data-widget_type=\"heading.default\">\n\t\t\t\t<div class=\"elementor-widget-container\">\n\t\t\t\t\t<h2 class=\"elementor-heading-title elementor-size-default\">Effizienzsteigerung und Kostensenkung<\/h2>\t\t\t\t<\/div>\n\t\t\t\t<\/div>\n\t\t\t\t<div class=\"elementor-element elementor-element-5a0f50bf elementor-widget__width-initial elementor-widget elementor-widget-text-editor\" data-id=\"5a0f50bf\" data-element_type=\"widget\" data-e-type=\"widget\" data-widget_type=\"text-editor.default\">\n\t\t\t\t<div class=\"elementor-widget-container\">\n\t\t\t\t\t\t\t\t\t<p>Durch den Einsatz moderner Technologien und die Optimierung von Prozessen k\u00f6nnen Unternehmen ihre Effizienz erheblich steigern. Wir helfen dabei, Engp\u00e4sse zu beseitigen und Abl\u00e4ufe zu beschleunigen. Das spart nicht nur Zeit, sondern f\u00fchrt auch zu Kostensenkungen. Beispielsweise k\u00f6nnen durch den Einsatz von Cloud-Technologien teure Investitionen in Hardware und IT-Infrastruktur vermieden werden, da viele Dienstleistungen auf Abo-Basis in der Cloud verf\u00fcgbar sind.<\/p>\n<p>Dar\u00fcber hinaus helfen wir Unternehmen, die Digitalisierung schrittweise zu vollziehen, wodurch hohe Anfangsinvestitionen vermieden werden k\u00f6nnen. Stattdessen werden ma\u00dfgeschneiderte L\u00f6sungen implementiert, die genau den aktuellen Bed\u00fcrfnissen und dem Budget des Unternehmens entsprechen.<\/p>\t\t\t\t\t\t\t\t<\/div>\n\t\t\t\t<\/div>\n\t\t\t\t<div class=\"elementor-element elementor-element-11505280 elementor-widget__width-initial elementor-widget elementor-widget-heading\" data-id=\"11505280\" data-element_type=\"widget\" data-e-type=\"widget\" data-widget_type=\"heading.default\">\n\t\t\t\t<div class=\"elementor-widget-container\">\n\t\t\t\t\t<h2 class=\"elementor-heading-title elementor-size-default\">Skalierbarkeit und Flexibilit\u00e4t<\/h2>\t\t\t\t<\/div>\n\t\t\t\t<\/div>\n\t\t\t\t<div class=\"elementor-element elementor-element-365f22f1 elementor-widget__width-initial elementor-widget elementor-widget-text-editor\" data-id=\"365f22f1\" data-element_type=\"widget\" data-e-type=\"widget\" data-widget_type=\"text-editor.default\">\n\t\t\t\t<div class=\"elementor-widget-container\">\n\t\t\t\t\t\t\t\t\t<p>Ein gro\u00dfer Vorteil der Digitalisierung ist die M\u00f6glichkeit, die eingesetzten L\u00f6sungen flexibel und skalierbar zu gestalten. Wir bieten L\u00f6sungen an, die mit dem Wachstum des Unternehmens mitwachsen k\u00f6nnen. Das bedeutet, dass die digitalen Systeme, die heute eingef\u00fchrt werden, problemlos erweitert werden k\u00f6nnen, wenn das Unternehmen w\u00e4chst oder sich die Anforderungen \u00e4ndern.<\/p>\n<p>Durch die Nutzung von Cloud-Diensten k\u00f6nnen Unternehmen ihre Kapazit\u00e4ten bei Bedarf erh\u00f6hen, ohne gro\u00dfe Investitionen in physische Infrastruktur t\u00e4tigen zu m\u00fcssen. Wir helfen dabei, solche skalierbaren L\u00f6sungen zu implementieren und sicherzustellen, dass das Unternehmen auch in Zukunft von den Vorteilen der Digitalisierung profitieren kann.<\/p>\t\t\t\t\t\t\t\t<\/div>\n\t\t\t\t<\/div>\n\t\t\t\t<div class=\"elementor-element elementor-element-56cae198 elementor-widget__width-initial elementor-widget elementor-widget-heading\" data-id=\"56cae198\" data-element_type=\"widget\" data-e-type=\"widget\" data-widget_type=\"heading.default\">\n\t\t\t\t<div class=\"elementor-widget-container\">\n\t\t\t\t\t<h2 class=\"elementor-heading-title elementor-size-default\">Wettbewerbsf\u00e4higkeit steigern<\/h2>\t\t\t\t<\/div>\n\t\t\t\t<\/div>\n\t\t\t\t<div class=\"elementor-element elementor-element-2f9b344e elementor-widget__width-initial elementor-widget elementor-widget-text-editor\" data-id=\"2f9b344e\" data-element_type=\"widget\" data-e-type=\"widget\" data-widget_type=\"text-editor.default\">\n\t\t\t\t<div class=\"elementor-widget-container\">\n\t\t\t\t\t\t\t\t\t<p>Die Digitalisierung hilft Unternehmen, wettbewerbsf\u00e4hig zu bleiben. Wir erm\u00f6glichen es ihnen, moderne Technologien zu nutzen, die ansonsten nur gr\u00f6\u00dferen Unternehmen zur Verf\u00fcgung stehen w\u00fcrden. Dies schlie\u00dft den Zugang zu fortschrittlicher Analysesoftware, Automatisierungstools und E-Commerce-L\u00f6sungen ein.<\/p>\n<p>Durch die Implementierung digitaler Prozesse k\u00f6nnen Unternehmen effizienter arbeiten, schneller auf Kundenanforderungen reagieren und besser auf Marktver\u00e4nderungen eingehen. Die Wettbewerbsf\u00e4higkeit wird auch durch bessere Kundenerfahrungen gesteigert, da digitale Tools helfen, den Service zu verbessern und personalisierte Angebote zu erstellen.<\/p>\t\t\t\t\t\t\t\t<\/div>\n\t\t\t\t<\/div>\n\t\t\t\t<\/div>\n\t\t<div class=\"elementor-element elementor-element-35d31234 e-grid e-con-boxed e-con e-parent\" data-id=\"35d31234\" data-element_type=\"container\" data-e-type=\"container\" data-settings=\"{&quot;background_background&quot;:&quot;gradient&quot;}\">\n\t\t\t\t\t<div class=\"e-con-inner\">\n\t\t\t\t<div class=\"elementor-element elementor-element-42804285 elementor-widget elementor-widget-text-editor\" data-id=\"42804285\" data-element_type=\"widget\" data-e-type=\"widget\" data-widget_type=\"text-editor.default\">\n\t\t\t\t<div class=\"elementor-widget-container\">\n\t\t\t\t\t\t\t\t\t<p style=\"text-align: center;\"><span style=\"color: #ffffff;\"><a style=\"color: #ffffff;\" title=\"Impressum\" href=\"https:\/\/www.gerwicon.de\/index.php\/impressum\/\">Impressum<\/a><\/span><\/p>\t\t\t\t\t\t\t\t<\/div>\n\t\t\t\t<\/div>\n\t\t\t\t<div class=\"elementor-element elementor-element-58ea9bf3 elementor-widget elementor-widget-text-editor\" data-id=\"58ea9bf3\" data-element_type=\"widget\" data-e-type=\"widget\" data-widget_type=\"text-editor.default\">\n\t\t\t\t<div class=\"elementor-widget-container\">\n\t\t\t\t\t\t\t\t\t<p><a title=\"Datenschutzerkl\u00e4rung\" href=\"https:\/\/www.gerwicon.de\/index.php\/datenschutzerklaerung\/\"><span style=\"color: #ffffff;\">Datenschutzerkl\u00e4rung<\/span><\/a><\/p>\t\t\t\t\t\t\t\t<\/div>\n\t\t\t\t<\/div>\n\t\t\t\t\t<\/div>\n\t\t\t\t<\/div>\n\t\t\t\t<\/div>\n\t\t","protected":false},"excerpt":{"rendered":"<p>Vorteile der externen Digitalisierung Expertise und Beratung Viele Unternehmen haben keinen klaren \u00dcberblick dar\u00fcber, welche digitalen Technologien und L\u00f6sungen f\u00fcr [&hellip;]<\/p>\n","protected":false},"author":1,"featured_media":0,"parent":0,"menu_order":0,"comment_status":"closed","ping_status":"closed","template":"","meta":{"_monsterinsights_skip_tracking":false,"_monsterinsights_sitenote_active":false,"_monsterinsights_sitenote_note":"","_monsterinsights_sitenote_category":0,"site-sidebar-layout":"default","site-content-layout":"","ast-site-content-layout":"","site-content-style":"default","site-sidebar-style":"default","ast-global-header-display":"","ast-banner-title-visibility":"","ast-main-header-display":"","ast-hfb-above-header-display":"","ast-hfb-below-header-display":"","ast-hfb-mobile-header-display":"","site-post-title":"","ast-breadcrumbs-content":"","ast-featured-img":"","footer-sml-layout":"","theme-transparent-header-meta":"","adv-header-id-meta":"","stick-header-meta":"","header-above-stick-meta":"","header-main-stick-meta":"","header-below-stick-meta":"","astra-migrate-meta-layouts":"default","ast-page-background-enabled":"default","ast-page-background-meta":{"desktop":{"background-color":"var(--ast-global-color-4)","background-image":"","background-repeat":"repeat","background-position":"center center","background-size":"auto","background-attachment":"scroll","background-type":"","background-media":"","overlay-type":"","overlay-color":"","overlay-opacity":"","overlay-gradient":""},"tablet":{"background-color":"","background-image":"","background-repeat":"repeat","background-position":"center center","background-size":"auto","background-attachment":"scroll","background-type":"","background-media":"","overlay-type":"","overlay-color":"","overlay-opacity":"","overlay-gradient":""},"mobile":{"background-color":"","background-image":"","background-repeat":"repeat","background-position":"center center","background-size":"auto","background-attachment":"scroll","background-type":"","background-media":"","overlay-type":"","overlay-color":"","overlay-opacity":"","overlay-gradient":""}},"ast-content-background-meta":{"desktop":{"background-color":"var(--ast-global-color-5)","background-image":"","background-repeat":"repeat","background-position":"center center","background-size":"auto","background-attachment":"scroll","background-type":"","background-media":"","overlay-type":"","overlay-color":"","overlay-opacity":"","overlay-gradient":""},"tablet":{"background-color":"var(--ast-global-color-5)","background-image":"","background-repeat":"repeat","background-position":"center center","background-size":"auto","background-attachment":"scroll","background-type":"","background-media":"","overlay-type":"","overlay-color":"","overlay-opacity":"","overlay-gradient":""},"mobile":{"background-color":"var(--ast-global-color-5)","background-image":"","background-repeat":"repeat","background-position":"center center","background-size":"auto","background-attachment":"scroll","background-type":"","background-media":"","overlay-type":"","overlay-color":"","overlay-opacity":"","overlay-gradient":""}},"footnotes":""},"class_list":["post-399","page","type-page","status-publish","hentry"],"yoast_head":"<!-- This site is optimized with the Yoast SEO plugin v27.5 - https:\/\/yoast.com\/product\/yoast-seo-wordpress\/ -->\n<title>Vorteile einer externen Digitalisierung - Gerwig<\/title>\n<meta name=\"robots\" content=\"index, follow, max-snippet:-1, max-image-preview:large, max-video-preview:-1\" \/>\n<link rel=\"canonical\" href=\"https:\/\/www.gerwicon.de\/index.php\/vorteile-einer-externen-dienstleistung-in-der-digitalisierung\/\" \/>\n<meta property=\"og:locale\" content=\"de_DE\" \/>\n<meta property=\"og:type\" content=\"article\" \/>\n<meta property=\"og:title\" content=\"Vorteile einer externen Digitalisierung - Gerwig\" \/>\n<meta property=\"og:description\" content=\"Vorteile der externen Digitalisierung Expertise und Beratung Viele Unternehmen haben keinen klaren \u00dcberblick dar\u00fcber, welche digitalen Technologien und L\u00f6sungen f\u00fcr [&hellip;]\" \/>\n<meta property=\"og:url\" content=\"https:\/\/www.gerwicon.de\/index.php\/vorteile-einer-externen-dienstleistung-in-der-digitalisierung\/\" \/>\n<meta property=\"og:site_name\" content=\"Gerwig\" \/>\n<meta property=\"article:modified_time\" content=\"2024-11-02T11:06:04+00:00\" \/>\n<meta name=\"twitter:card\" content=\"summary_large_image\" \/>\n<meta name=\"twitter:label1\" content=\"Gesch\u00e4tzte Lesezeit\" \/>\n\t<meta name=\"twitter:data1\" content=\"5\u00a0Minuten\" \/>\n<script type=\"application\/ld+json\" class=\"yoast-schema-graph\">{\"@context\":\"https:\\\/\\\/schema.org\",\"@graph\":[{\"@type\":\"WebPage\",\"@id\":\"https:\\\/\\\/www.gerwicon.de\\\/index.php\\\/vorteile-einer-externen-dienstleistung-in-der-digitalisierung\\\/\",\"url\":\"https:\\\/\\\/www.gerwicon.de\\\/index.php\\\/vorteile-einer-externen-dienstleistung-in-der-digitalisierung\\\/\",\"name\":\"Vorteile einer externen Digitalisierung - Gerwig\",\"isPartOf\":{\"@id\":\"https:\\\/\\\/www.gerwicon.de\\\/#website\"},\"datePublished\":\"2024-09-28T20:22:45+00:00\",\"dateModified\":\"2024-11-02T11:06:04+00:00\",\"breadcrumb\":{\"@id\":\"https:\\\/\\\/www.gerwicon.de\\\/index.php\\\/vorteile-einer-externen-dienstleistung-in-der-digitalisierung\\\/#breadcrumb\"},\"inLanguage\":\"de\",\"potentialAction\":[{\"@type\":\"ReadAction\",\"target\":[\"https:\\\/\\\/www.gerwicon.de\\\/index.php\\\/vorteile-einer-externen-dienstleistung-in-der-digitalisierung\\\/\"]}]},{\"@type\":\"BreadcrumbList\",\"@id\":\"https:\\\/\\\/www.gerwicon.de\\\/index.php\\\/vorteile-einer-externen-dienstleistung-in-der-digitalisierung\\\/#breadcrumb\",\"itemListElement\":[{\"@type\":\"ListItem\",\"position\":1,\"name\":\"Startseite\",\"item\":\"https:\\\/\\\/www.gerwicon.de\\\/\"},{\"@type\":\"ListItem\",\"position\":2,\"name\":\"Vorteile einer externen Digitalisierung\"}]},{\"@type\":\"WebSite\",\"@id\":\"https:\\\/\\\/www.gerwicon.de\\\/#website\",\"url\":\"https:\\\/\\\/www.gerwicon.de\\\/\",\"name\":\"Gerwig Finanz & Controlling\",\"description\":\"Finanz &amp; Controlling\",\"publisher\":{\"@id\":\"https:\\\/\\\/www.gerwicon.de\\\/#organization\"},\"potentialAction\":[{\"@type\":\"SearchAction\",\"target\":{\"@type\":\"EntryPoint\",\"urlTemplate\":\"https:\\\/\\\/www.gerwicon.de\\\/?s={search_term_string}\"},\"query-input\":{\"@type\":\"PropertyValueSpecification\",\"valueRequired\":true,\"valueName\":\"search_term_string\"}}],\"inLanguage\":\"de\"},{\"@type\":\"Organization\",\"@id\":\"https:\\\/\\\/www.gerwicon.de\\\/#organization\",\"name\":\"Gerwig Finanz & Controlling\",\"url\":\"https:\\\/\\\/www.gerwicon.de\\\/\",\"logo\":{\"@type\":\"ImageObject\",\"inLanguage\":\"de\",\"@id\":\"https:\\\/\\\/www.gerwicon.de\\\/#\\\/schema\\\/logo\\\/image\\\/\",\"url\":\"https:\\\/\\\/www.gerwicon.de\\\/wp-content\\\/uploads\\\/2024\\\/10\\\/cropped-gerwigcon_Logo_header_4-1.png\",\"contentUrl\":\"https:\\\/\\\/www.gerwicon.de\\\/wp-content\\\/uploads\\\/2024\\\/10\\\/cropped-gerwigcon_Logo_header_4-1.png\",\"width\":1063,\"height\":377,\"caption\":\"Gerwig Finanz & Controlling\"},\"image\":{\"@id\":\"https:\\\/\\\/www.gerwicon.de\\\/#\\\/schema\\\/logo\\\/image\\\/\"}}]}<\/script>\n<!-- \/ Yoast SEO plugin. -->","yoast_head_json":{"title":"Vorteile einer externen Digitalisierung - Gerwig","robots":{"index":"index","follow":"follow","max-snippet":"max-snippet:-1","max-image-preview":"max-image-preview:large","max-video-preview":"max-video-preview:-1"},"canonical":"https:\/\/www.gerwicon.de\/index.php\/vorteile-einer-externen-dienstleistung-in-der-digitalisierung\/","og_locale":"de_DE","og_type":"article","og_title":"Vorteile einer externen Digitalisierung - Gerwig","og_description":"Vorteile der externen Digitalisierung Expertise und Beratung Viele Unternehmen haben keinen klaren \u00dcberblick dar\u00fcber, welche digitalen Technologien und L\u00f6sungen f\u00fcr [&hellip;]","og_url":"https:\/\/www.gerwicon.de\/index.php\/vorteile-einer-externen-dienstleistung-in-der-digitalisierung\/","og_site_name":"Gerwig","article_modified_time":"2024-11-02T11:06:04+00:00","twitter_card":"summary_large_image","twitter_misc":{"Gesch\u00e4tzte Lesezeit":"5\u00a0Minuten"},"schema":{"@context":"https:\/\/schema.org","@graph":[{"@type":"WebPage","@id":"https:\/\/www.gerwicon.de\/index.php\/vorteile-einer-externen-dienstleistung-in-der-digitalisierung\/","url":"https:\/\/www.gerwicon.de\/index.php\/vorteile-einer-externen-dienstleistung-in-der-digitalisierung\/","name":"Vorteile einer externen Digitalisierung - Gerwig","isPartOf":{"@id":"https:\/\/www.gerwicon.de\/#website"},"datePublished":"2024-09-28T20:22:45+00:00","dateModified":"2024-11-02T11:06:04+00:00","breadcrumb":{"@id":"https:\/\/www.gerwicon.de\/index.php\/vorteile-einer-externen-dienstleistung-in-der-digitalisierung\/#breadcrumb"},"inLanguage":"de","potentialAction":[{"@type":"ReadAction","target":["https:\/\/www.gerwicon.de\/index.php\/vorteile-einer-externen-dienstleistung-in-der-digitalisierung\/"]}]},{"@type":"BreadcrumbList","@id":"https:\/\/www.gerwicon.de\/index.php\/vorteile-einer-externen-dienstleistung-in-der-digitalisierung\/#breadcrumb","itemListElement":[{"@type":"ListItem","position":1,"name":"Startseite","item":"https:\/\/www.gerwicon.de\/"},{"@type":"ListItem","position":2,"name":"Vorteile einer externen Digitalisierung"}]},{"@type":"WebSite","@id":"https:\/\/www.gerwicon.de\/#website","url":"https:\/\/www.gerwicon.de\/","name":"Gerwig Finanz & Controlling","description":"Finanz &amp; Controlling","publisher":{"@id":"https:\/\/www.gerwicon.de\/#organization"},"potentialAction":[{"@type":"SearchAction","target":{"@type":"EntryPoint","urlTemplate":"https:\/\/www.gerwicon.de\/?s={search_term_string}"},"query-input":{"@type":"PropertyValueSpecification","valueRequired":true,"valueName":"search_term_string"}}],"inLanguage":"de"},{"@type":"Organization","@id":"https:\/\/www.gerwicon.de\/#organization","name":"Gerwig Finanz & Controlling","url":"https:\/\/www.gerwicon.de\/","logo":{"@type":"ImageObject","inLanguage":"de","@id":"https:\/\/www.gerwicon.de\/#\/schema\/logo\/image\/","url":"https:\/\/www.gerwicon.de\/wp-content\/uploads\/2024\/10\/cropped-gerwigcon_Logo_header_4-1.png","contentUrl":"https:\/\/www.gerwicon.de\/wp-content\/uploads\/2024\/10\/cropped-gerwigcon_Logo_header_4-1.png","width":1063,"height":377,"caption":"Gerwig Finanz & Controlling"},"image":{"@id":"https:\/\/www.gerwicon.de\/#\/schema\/logo\/image\/"}}]}},"_links":{"self":[{"href":"https:\/\/www.gerwicon.de\/index.php\/wp-json\/wp\/v2\/pages\/399","targetHints":{"allow":["GET"]}}],"collection":[{"href":"https:\/\/www.gerwicon.de\/index.php\/wp-json\/wp\/v2\/pages"}],"about":[{"href":"https:\/\/www.gerwicon.de\/index.php\/wp-json\/wp\/v2\/types\/page"}],"author":[{"embeddable":true,"href":"https:\/\/www.gerwicon.de\/index.php\/wp-json\/wp\/v2\/users\/1"}],"replies":[{"embeddable":true,"href":"https:\/\/www.gerwicon.de\/index.php\/wp-json\/wp\/v2\/comments?post=399"}],"version-history":[{"count":0,"href":"https:\/\/www.gerwicon.de\/index.php\/wp-json\/wp\/v2\/pages\/399\/revisions"}],"wp:attachment":[{"href":"https:\/\/www.gerwicon.de\/index.php\/wp-json\/wp\/v2\/media?parent=399"}],"curies":[{"name":"wp","href":"https:\/\/api.w.org\/{rel}","templated":true}]}}