{"id":401,"date":"2024-09-28T22:22:21","date_gmt":"2024-09-28T20:22:21","guid":{"rendered":"https:\/\/www.gerwicon.de\/?page_id=401"},"modified":"2024-11-02T12:14:50","modified_gmt":"2024-11-02T11:14:50","slug":"vorteile-eines-externen-controllings","status":"publish","type":"page","link":"https:\/\/www.gerwicon.de\/index.php\/vorteile-eines-externen-controllings\/","title":{"rendered":"Vorteile eines externen Controllings"},"content":{"rendered":"\t\t<div data-elementor-type=\"wp-page\" data-elementor-id=\"401\" class=\"elementor elementor-401\">\n\t\t\t\t<div class=\"elementor-element elementor-element-7ce83bd8 e-con-full e-flex e-con e-parent\" data-id=\"7ce83bd8\" data-element_type=\"container\" data-e-type=\"container\" data-settings=\"{&quot;background_background&quot;:&quot;classic&quot;}\">\n\t\t<div class=\"elementor-element elementor-element-1b95a2ed e-con-full e-flex e-con e-child\" data-id=\"1b95a2ed\" data-element_type=\"container\" data-e-type=\"container\">\n\t\t\t\t<div class=\"elementor-element elementor-element-22c1b1d2 elementor-widget__width-initial elementor-widget elementor-widget-heading\" data-id=\"22c1b1d2\" data-element_type=\"widget\" data-e-type=\"widget\" data-widget_type=\"heading.default\">\n\t\t\t\t<div class=\"elementor-widget-container\">\n\t\t\t\t\t<h1 class=\"elementor-heading-title elementor-size-default\">Vorteile eines externen Controllings<\/h1>\t\t\t\t<\/div>\n\t\t\t\t<\/div>\n\t\t\t\t<\/div>\n\t\t\t\t<div class=\"elementor-element elementor-element-29d0e8eb elementor-widget__width-initial elementor-widget elementor-widget-heading\" data-id=\"29d0e8eb\" data-element_type=\"widget\" data-e-type=\"widget\" id=\"Finanzbuchhaltung\" data-widget_type=\"heading.default\">\n\t\t\t\t<div class=\"elementor-widget-container\">\n\t\t\t\t\t<h2 class=\"elementor-heading-title elementor-size-default\">Kosteneffizienz<\/h2>\t\t\t\t<\/div>\n\t\t\t\t<\/div>\n\t\t\t\t<div class=\"elementor-element elementor-element-ae03103 elementor-widget__width-initial elementor-widget elementor-widget-text-editor\" data-id=\"ae03103\" data-element_type=\"widget\" data-e-type=\"widget\" data-widget_type=\"text-editor.default\">\n\t\t\t\t<div class=\"elementor-widget-container\">\n\t\t\t\t\t\t\t\t\t<p>Einer der gr\u00f6\u00dften Vorteile von externem Controlling liegt in der Kosteneffizienz. Der Aufbau einer internen Controlling-Abteilung kann teuer sein, da qualifizierte Controller in der Regel hohe Geh\u00e4lter verlangen. Hinzu kommen Kosten f\u00fcr Sozialleistungen, Schulungen und die notwendigen Softwarel\u00f6sungen. Beim externen Controlling fallen diese laufenden Fixkosten weg, da die Dienstleistungen nach Bedarf eingekauft werden k\u00f6nnen. Dies ist besonders vorteilhaft f\u00fcr kleine Unternehmen, die sich keine permanente Controlling-Stelle leisten k\u00f6nnen. Au\u00dferdem kann externes Controlling flexibel an den Umfang der Aufgaben angepasst werden \u2013 es wird nur bezahlt, was tats\u00e4chlich ben\u00f6tigt wird.<\/p>\t\t\t\t\t\t\t\t<\/div>\n\t\t\t\t<\/div>\n\t\t\t\t<div class=\"elementor-element elementor-element-1b27aa57 elementor-widget__width-initial elementor-widget elementor-widget-heading\" data-id=\"1b27aa57\" data-element_type=\"widget\" data-e-type=\"widget\" data-widget_type=\"heading.default\">\n\t\t\t\t<div class=\"elementor-widget-container\">\n\t\t\t\t\t<h2 class=\"elementor-heading-title elementor-size-default\">Zeitersparnis<\/h2>\t\t\t\t<\/div>\n\t\t\t\t<\/div>\n\t\t\t\t<div class=\"elementor-element elementor-element-19f69cbe elementor-widget__width-initial elementor-widget elementor-widget-text-editor\" data-id=\"19f69cbe\" data-element_type=\"widget\" data-e-type=\"widget\" data-widget_type=\"text-editor.default\">\n\t\t\t\t<div class=\"elementor-widget-container\">\n\t\t\t\t\t\t\t\t\t<p>F\u00fcr Unternehmer und F\u00fchrungskr\u00e4fte nimmt das Kerngesch\u00e4ft meist schon einen Gro\u00dfteil ihrer Zeit in Anspruch. Das Controlling kann dabei eine zus\u00e4tzliche Belastung darstellen, insbesondere wenn die n\u00f6tige Fachkenntnis fehlt. Die Auslagerung dieser Aufgaben entlastet die Unternehmensf\u00fchrung, da das externe Controlling-Team die \u00dcberwachung und Analyse der finanziellen und operativen Kennzahlen \u00fcbernimmt. So bleibt Ihnen mehr Zeit f\u00fcr strategische Entscheidungen und das Tagesgesch\u00e4ft, ohne dass Sie sich um detaillierte Finanzanalysen k\u00fcmmern m\u00fcssen.<\/p>\t\t\t\t\t\t\t\t<\/div>\n\t\t\t\t<\/div>\n\t\t\t\t<div class=\"elementor-element elementor-element-3b31916e elementor-widget__width-initial elementor-widget elementor-widget-heading\" data-id=\"3b31916e\" data-element_type=\"widget\" data-e-type=\"widget\" id=\"Controlling\" data-widget_type=\"heading.default\">\n\t\t\t\t<div class=\"elementor-widget-container\">\n\t\t\t\t\t<h2 class=\"elementor-heading-title elementor-size-default\">Zugriff auf Fachwissen und Expertise<\/h2>\t\t\t\t<\/div>\n\t\t\t\t<\/div>\n\t\t\t\t<div class=\"elementor-element elementor-element-35a649ad elementor-widget__width-initial elementor-widget elementor-widget-text-editor\" data-id=\"35a649ad\" data-element_type=\"widget\" data-e-type=\"widget\" data-widget_type=\"text-editor.default\">\n\t\t\t\t<div class=\"elementor-widget-container\">\n\t\t\t\t\t\t\t\t\t<p>Wir bringen umfassendes Fachwissen und Erfahrung in der Analyse und Interpretation von Unternehmenskennzahlen mit. Kleine Unternehmen verf\u00fcgen oft nicht \u00fcber diese Expertise im eigenen Haus, sodass externe Controller eine wertvolle Unterst\u00fctzung sein k\u00f6nnen. Sie haben meist ein breites Wissen \u00fcber verschiedene Branchen, M\u00e4rkte und Gesch\u00e4ftsmodelle, was ihnen erm\u00f6glicht, fundierte Analysen und Optimierungsvorschl\u00e4ge zu liefern. Durch dieses Fachwissen k\u00f6nnen Sie auch von Best Practices aus anderen Branchen profitieren.<\/p>\t\t\t\t\t\t\t\t<\/div>\n\t\t\t\t<\/div>\n\t\t\t\t<div class=\"elementor-element elementor-element-16bf8f3e elementor-widget__width-initial elementor-widget elementor-widget-heading\" data-id=\"16bf8f3e\" data-element_type=\"widget\" data-e-type=\"widget\" data-widget_type=\"heading.default\">\n\t\t\t\t<div class=\"elementor-widget-container\">\n\t\t\t\t\t<h2 class=\"elementor-heading-title elementor-size-default\">Flexibilit\u00e4t und Skalierbarkeit<\/h2>\t\t\t\t<\/div>\n\t\t\t\t<\/div>\n\t\t\t\t<div class=\"elementor-element elementor-element-3e2def4e elementor-widget__width-initial elementor-widget elementor-widget-text-editor\" data-id=\"3e2def4e\" data-element_type=\"widget\" data-e-type=\"widget\" data-widget_type=\"text-editor.default\">\n\t\t\t\t<div class=\"elementor-widget-container\">\n\t\t\t\t\t\t\t\t\t<p>Die Anforderungen an die Buchhaltung k\u00f6nnen je nach Gr\u00f6\u00dfe des Unternehmens und Gesch\u00e4ftsentwicklung stark variieren. Wir bieten hier den Vorteil der Flexibilit\u00e4t. Ob es um monatliche Buchhaltungsarbeiten, Lohnabrechnung oder spezifische Aufgaben geht \u2013 wir k\u00f6nnen ihre Dienstleistungen an Ihren jeweiligen Bedarf anpassen. Bei Wachstum Ihres Unternehmens l\u00e4sst sich die Buchhaltung skalieren, ohne dass interne Strukturen angepasst oder zus\u00e4tzliche Mitarbeiter eingestellt werden m\u00fcssen.<\/p>\t\t\t\t\t\t\t\t<\/div>\n\t\t\t\t<\/div>\n\t\t\t\t<div class=\"elementor-element elementor-element-a62e37d elementor-widget__width-initial elementor-widget elementor-widget-heading\" data-id=\"a62e37d\" data-element_type=\"widget\" data-e-type=\"widget\" id=\"Digitalisierung\" data-widget_type=\"heading.default\">\n\t\t\t\t<div class=\"elementor-widget-container\">\n\t\t\t\t\t<h2 class=\"elementor-heading-title elementor-size-default\">Flexibilit\u00e4t und Anpassungsf\u00e4higkeit<\/h2>\t\t\t\t<\/div>\n\t\t\t\t<\/div>\n\t\t\t\t<div class=\"elementor-element elementor-element-4c1c5721 elementor-widget__width-initial elementor-widget elementor-widget-text-editor\" data-id=\"4c1c5721\" data-element_type=\"widget\" data-e-type=\"widget\" data-widget_type=\"text-editor.default\">\n\t\t\t\t<div class=\"elementor-widget-container\">\n\t\t\t\t\t\t\t\t\t<p>Ein weiterer wichtiger Vorteil des externen Controllings ist die hohe Flexibilit\u00e4t. Je nach Bedarf und Gr\u00f6\u00dfe des Unternehmens k\u00f6nnen die Dienstleistungen individuell angepasst werden. Ein kleines Unternehmen ben\u00f6tigt m\u00f6glicherweise nicht jeden Monat umfassende Controlling-Berichte, sondern nur zu bestimmten Zeiten, wie bei Jahresabschl\u00fcssen, Finanzierungen oder gr\u00f6\u00dferen Investitionsentscheidungen. Wir k\u00f6nnen bei Bedarf kurzfristig hinzugezogen werden und unsere Dienstleistungen in Umfang und Intensit\u00e4t an Ihre Anforderungen anpassen. Dadurch kann das Controlling \u201eon demand\u201c genutzt werden, was eine enorme Flexibilit\u00e4t bietet.<\/p>\t\t\t\t\t\t\t\t<\/div>\n\t\t\t\t<\/div>\n\t\t\t\t<div class=\"elementor-element elementor-element-742b5074 elementor-widget__width-initial elementor-widget elementor-widget-heading\" data-id=\"742b5074\" data-element_type=\"widget\" data-e-type=\"widget\" data-widget_type=\"heading.default\">\n\t\t\t\t<div class=\"elementor-widget-container\">\n\t\t\t\t\t<h2 class=\"elementor-heading-title elementor-size-default\">Objektiver und unabh\u00e4ngiger Blick<\/h2>\t\t\t\t<\/div>\n\t\t\t\t<\/div>\n\t\t\t\t<div class=\"elementor-element elementor-element-74b25aa elementor-widget__width-initial elementor-widget elementor-widget-text-editor\" data-id=\"74b25aa\" data-element_type=\"widget\" data-e-type=\"widget\" data-widget_type=\"text-editor.default\">\n\t\t\t\t<div class=\"elementor-widget-container\">\n\t\t\t\t\t\t\t\t\t<p>Wir bringen eine wertvolle Unabh\u00e4ngigkeit in die Unternehmensanalyse ein. Wir sind nicht Teil des operativen Gesch\u00e4ftes und k\u00f6nnen somit eine unvoreingenommene und objektive Perspektive auf die finanzielle Situation bieten. Diese externe Sichtweise ist besonders hilfreich, um Schwachstellen oder ineffiziente Prozesse zu identifizieren, die aus interner Sicht m\u00f6glicherweise \u00fcbersehen werden. Unser objektiver Blick kann zudem bei strategischen Entscheidungen helfen, fundierte und rationale Entscheidungen zu treffen, frei von internen Befangenheiten.<\/p>\t\t\t\t\t\t\t\t<\/div>\n\t\t\t\t<\/div>\n\t\t\t\t<div class=\"elementor-element elementor-element-6940543 elementor-widget__width-initial elementor-widget elementor-widget-heading\" data-id=\"6940543\" data-element_type=\"widget\" data-e-type=\"widget\" data-widget_type=\"heading.default\">\n\t\t\t\t<div class=\"elementor-widget-container\">\n\t\t\t\t\t<h2 class=\"elementor-heading-title elementor-size-default\">Schnellere und genauere Datenanalyse<\/h2>\t\t\t\t<\/div>\n\t\t\t\t<\/div>\n\t\t\t\t<div class=\"elementor-element elementor-element-40a06fc7 elementor-widget__width-initial elementor-widget elementor-widget-text-editor\" data-id=\"40a06fc7\" data-element_type=\"widget\" data-e-type=\"widget\" data-widget_type=\"text-editor.default\">\n\t\t\t\t<div class=\"elementor-widget-container\">\n\t\t\t\t\t\t\t\t\t<p>Wir nutzen moderne Softwarel\u00f6sungen und Tools, um Finanzdaten effizient zu verarbeiten und zu analysieren. Wir haben erprobte Prozesse, die es erm\u00f6glichen, Daten schnell und genau zu erfassen und aussagekr\u00e4ftige Berichte zu erstellen. F\u00fcr kleine Unternehmen, die nicht \u00fcber solche spezialisierten Softwarel\u00f6sungen oder die notwendigen Ressourcen verf\u00fcgen, ist dies ein gro\u00dfer Vorteil. Professionelle Analysen und Berichte, die in kurzer Zeit geliefert werden, geben Ihnen wichtige Einblicke in die finanzielle und operative Leistung ihres Unternehmens und unterst\u00fctzen Sie bei der Steuerung.<\/p>\t\t\t\t\t\t\t\t<\/div>\n\t\t\t\t<\/div>\n\t\t\t\t<div class=\"elementor-element elementor-element-7fbf406e elementor-widget__width-initial elementor-widget elementor-widget-heading\" data-id=\"7fbf406e\" data-element_type=\"widget\" data-e-type=\"widget\" data-widget_type=\"heading.default\">\n\t\t\t\t<div class=\"elementor-widget-container\">\n\t\t\t\t\t<h2 class=\"elementor-heading-title elementor-size-default\">Fr\u00fcherkennung von Risiken<\/h2>\t\t\t\t<\/div>\n\t\t\t\t<\/div>\n\t\t\t\t<div class=\"elementor-element elementor-element-451eda92 elementor-widget__width-initial elementor-widget elementor-widget-text-editor\" data-id=\"451eda92\" data-element_type=\"widget\" data-e-type=\"widget\" data-widget_type=\"text-editor.default\">\n\t\t\t\t<div class=\"elementor-widget-container\">\n\t\t\t\t\t\t\t\t\t<p>Wir k\u00f6nnen durch regelm\u00e4\u00dfige Analysen der finanziellen Situation und der betrieblichen Kennzahlen potenzielle Risiken fr\u00fchzeitig erkennen. Dazu geh\u00f6ren etwa Liquidit\u00e4tsengp\u00e4sse, Schw\u00e4chen in der Kostenstruktur oder ineffiziente Gesch\u00e4ftsprozesse. Diese Risikominimierung ist entscheidend f\u00fcr kleine Unternehmen, die h\u00e4ufig weniger finanzielle Puffer haben als gr\u00f6\u00dfere Firmen. Indem fr\u00fchzeitig Handlungsbedarf identifiziert wird, k\u00f6nnen Sie gezielte Ma\u00dfnahmen ergreifen, um negative Entwicklungen zu verhindern und die Unternehmensstabilit\u00e4t zu gew\u00e4hrleisten.<\/p>\t\t\t\t\t\t\t\t<\/div>\n\t\t\t\t<\/div>\n\t\t\t\t<div class=\"elementor-element elementor-element-69f9f976 elementor-widget__width-initial elementor-widget elementor-widget-heading\" data-id=\"69f9f976\" data-element_type=\"widget\" data-e-type=\"widget\" data-widget_type=\"heading.default\">\n\t\t\t\t<div class=\"elementor-widget-container\">\n\t\t\t\t\t<h2 class=\"elementor-heading-title elementor-size-default\">Steuerung der Unternehmensentwicklung<\/h2>\t\t\t\t<\/div>\n\t\t\t\t<\/div>\n\t\t\t\t<div class=\"elementor-element elementor-element-2eef99e2 elementor-widget__width-initial elementor-widget elementor-widget-text-editor\" data-id=\"2eef99e2\" data-element_type=\"widget\" data-e-type=\"widget\" data-widget_type=\"text-editor.default\">\n\t\t\t\t<div class=\"elementor-widget-container\">\n\t\t\t\t\t\t\t\t\t<p>Das Controlling liefert wertvolle Informationen f\u00fcr die strategische Planung und Unternehmensentwicklung. Wir helfen Ihnen dabei, Finanzdaten in einem gr\u00f6\u00dferen Kontext zu betrachten und Handlungsempfehlungen f\u00fcr zuk\u00fcnftige Gesch\u00e4ftsentscheidungen zu geben. Dies umfasst die Unterst\u00fctzung bei der Budgetierung, der Liquidit\u00e4tsplanung sowie der Entwicklung von Investitions- und Expansionsstrategien. Durch fundierte Analysen und Prognosen k\u00f6nnen wir dazu beitragen, dass Ihr Unternehmen langfristig nachhaltiges Wachstum erzielt.<\/p>\t\t\t\t\t\t\t\t<\/div>\n\t\t\t\t<\/div>\n\t\t\t\t<\/div>\n\t\t<div class=\"elementor-element elementor-element-4f79f058 e-grid e-con-boxed e-con e-parent\" data-id=\"4f79f058\" data-element_type=\"container\" data-e-type=\"container\" data-settings=\"{&quot;background_background&quot;:&quot;gradient&quot;}\">\n\t\t\t\t\t<div class=\"e-con-inner\">\n\t\t\t\t<div class=\"elementor-element elementor-element-22972771 elementor-widget elementor-widget-text-editor\" data-id=\"22972771\" data-element_type=\"widget\" data-e-type=\"widget\" data-widget_type=\"text-editor.default\">\n\t\t\t\t<div class=\"elementor-widget-container\">\n\t\t\t\t\t\t\t\t\t<p style=\"text-align: center;\"><span style=\"color: #ffffff;\"><a style=\"color: #ffffff;\" title=\"Impressum\" href=\"https:\/\/www.gerwicon.de\/index.php\/impressum\/\">Impressum<\/a><\/span><\/p>\t\t\t\t\t\t\t\t<\/div>\n\t\t\t\t<\/div>\n\t\t\t\t<div class=\"elementor-element elementor-element-3a7e4e05 elementor-widget elementor-widget-text-editor\" data-id=\"3a7e4e05\" data-element_type=\"widget\" data-e-type=\"widget\" data-widget_type=\"text-editor.default\">\n\t\t\t\t<div class=\"elementor-widget-container\">\n\t\t\t\t\t\t\t\t\t<p style=\"text-align: center;\"><a title=\"Datenschutzerkl\u00e4rung\" href=\"https:\/\/www.gerwicon.de\/index.php\/datenschutzerklaerung\/\"><span style=\"color: #ffffff;\">Datenschutzerkl\u00e4rung<\/span><\/a><\/p>\t\t\t\t\t\t\t\t<\/div>\n\t\t\t\t<\/div>\n\t\t\t\t\t<\/div>\n\t\t\t\t<\/div>\n\t\t\t\t<\/div>\n\t\t","protected":false},"excerpt":{"rendered":"<p>Vorteile eines externen Controllings Kosteneffizienz Einer der gr\u00f6\u00dften Vorteile von externem Controlling liegt in der Kosteneffizienz. Der Aufbau einer internen [&hellip;]<\/p>\n","protected":false},"author":1,"featured_media":0,"parent":0,"menu_order":0,"comment_status":"closed","ping_status":"closed","template":"","meta":{"_monsterinsights_skip_tracking":false,"_monsterinsights_sitenote_active":false,"_monsterinsights_sitenote_note":"","_monsterinsights_sitenote_category":0,"site-sidebar-layout":"default","site-content-layout":"","ast-site-content-layout":"","site-content-style":"default","site-sidebar-style":"default","ast-global-header-display":"","ast-banner-title-visibility":"","ast-main-header-display":"","ast-hfb-above-header-display":"","ast-hfb-below-header-display":"","ast-hfb-mobile-header-display":"","site-post-title":"","ast-breadcrumbs-content":"","ast-featured-img":"","footer-sml-layout":"","theme-transparent-header-meta":"","adv-header-id-meta":"","stick-header-meta":"","header-above-stick-meta":"","header-main-stick-meta":"","header-below-stick-meta":"","astra-migrate-meta-layouts":"default","ast-page-background-enabled":"default","ast-page-background-meta":{"desktop":{"background-color":"var(--ast-global-color-4)","background-image":"","background-repeat":"repeat","background-position":"center center","background-size":"auto","background-attachment":"scroll","background-type":"","background-media":"","overlay-type":"","overlay-color":"","overlay-opacity":"","overlay-gradient":""},"tablet":{"background-color":"","background-image":"","background-repeat":"repeat","background-position":"center center","background-size":"auto","background-attachment":"scroll","background-type":"","background-media":"","overlay-type":"","overlay-color":"","overlay-opacity":"","overlay-gradient":""},"mobile":{"background-color":"","background-image":"","background-repeat":"repeat","background-position":"center center","background-size":"auto","background-attachment":"scroll","background-type":"","background-media":"","overlay-type":"","overlay-color":"","overlay-opacity":"","overlay-gradient":""}},"ast-content-background-meta":{"desktop":{"background-color":"var(--ast-global-color-5)","background-image":"","background-repeat":"repeat","background-position":"center center","background-size":"auto","background-attachment":"scroll","background-type":"","background-media":"","overlay-type":"","overlay-color":"","overlay-opacity":"","overlay-gradient":""},"tablet":{"background-color":"var(--ast-global-color-5)","background-image":"","background-repeat":"repeat","background-position":"center center","background-size":"auto","background-attachment":"scroll","background-type":"","background-media":"","overlay-type":"","overlay-color":"","overlay-opacity":"","overlay-gradient":""},"mobile":{"background-color":"var(--ast-global-color-5)","background-image":"","background-repeat":"repeat","background-position":"center center","background-size":"auto","background-attachment":"scroll","background-type":"","background-media":"","overlay-type":"","overlay-color":"","overlay-opacity":"","overlay-gradient":""}},"footnotes":""},"class_list":["post-401","page","type-page","status-publish","hentry"],"yoast_head":"<!-- This site is optimized with the Yoast SEO plugin v27.5 - https:\/\/yoast.com\/product\/yoast-seo-wordpress\/ -->\n<title>Vorteile eines externen Controllings - Gerwig<\/title>\n<meta name=\"robots\" content=\"index, follow, max-snippet:-1, max-image-preview:large, max-video-preview:-1\" \/>\n<link rel=\"canonical\" href=\"https:\/\/www.gerwicon.de\/index.php\/vorteile-eines-externen-controllings\/\" \/>\n<meta property=\"og:locale\" content=\"de_DE\" \/>\n<meta property=\"og:type\" content=\"article\" \/>\n<meta property=\"og:title\" content=\"Vorteile eines externen Controllings - Gerwig\" \/>\n<meta property=\"og:description\" content=\"Vorteile eines externen Controllings Kosteneffizienz Einer der gr\u00f6\u00dften Vorteile von externem Controlling liegt in der Kosteneffizienz. Der Aufbau einer internen [&hellip;]\" \/>\n<meta property=\"og:url\" content=\"https:\/\/www.gerwicon.de\/index.php\/vorteile-eines-externen-controllings\/\" \/>\n<meta property=\"og:site_name\" content=\"Gerwig\" \/>\n<meta property=\"article:modified_time\" content=\"2024-11-02T11:14:50+00:00\" \/>\n<meta name=\"twitter:card\" content=\"summary_large_image\" \/>\n<meta name=\"twitter:label1\" content=\"Gesch\u00e4tzte Lesezeit\" \/>\n\t<meta name=\"twitter:data1\" content=\"4\u00a0Minuten\" \/>\n<script type=\"application\/ld+json\" class=\"yoast-schema-graph\">{\"@context\":\"https:\\\/\\\/schema.org\",\"@graph\":[{\"@type\":\"WebPage\",\"@id\":\"https:\\\/\\\/www.gerwicon.de\\\/index.php\\\/vorteile-eines-externen-controllings\\\/\",\"url\":\"https:\\\/\\\/www.gerwicon.de\\\/index.php\\\/vorteile-eines-externen-controllings\\\/\",\"name\":\"Vorteile eines externen Controllings - Gerwig\",\"isPartOf\":{\"@id\":\"https:\\\/\\\/www.gerwicon.de\\\/#website\"},\"datePublished\":\"2024-09-28T20:22:21+00:00\",\"dateModified\":\"2024-11-02T11:14:50+00:00\",\"breadcrumb\":{\"@id\":\"https:\\\/\\\/www.gerwicon.de\\\/index.php\\\/vorteile-eines-externen-controllings\\\/#breadcrumb\"},\"inLanguage\":\"de\",\"potentialAction\":[{\"@type\":\"ReadAction\",\"target\":[\"https:\\\/\\\/www.gerwicon.de\\\/index.php\\\/vorteile-eines-externen-controllings\\\/\"]}]},{\"@type\":\"BreadcrumbList\",\"@id\":\"https:\\\/\\\/www.gerwicon.de\\\/index.php\\\/vorteile-eines-externen-controllings\\\/#breadcrumb\",\"itemListElement\":[{\"@type\":\"ListItem\",\"position\":1,\"name\":\"Startseite\",\"item\":\"https:\\\/\\\/www.gerwicon.de\\\/\"},{\"@type\":\"ListItem\",\"position\":2,\"name\":\"Vorteile eines externen Controllings\"}]},{\"@type\":\"WebSite\",\"@id\":\"https:\\\/\\\/www.gerwicon.de\\\/#website\",\"url\":\"https:\\\/\\\/www.gerwicon.de\\\/\",\"name\":\"Gerwig Finanz & Controlling\",\"description\":\"Finanz &amp; Controlling\",\"publisher\":{\"@id\":\"https:\\\/\\\/www.gerwicon.de\\\/#organization\"},\"potentialAction\":[{\"@type\":\"SearchAction\",\"target\":{\"@type\":\"EntryPoint\",\"urlTemplate\":\"https:\\\/\\\/www.gerwicon.de\\\/?s={search_term_string}\"},\"query-input\":{\"@type\":\"PropertyValueSpecification\",\"valueRequired\":true,\"valueName\":\"search_term_string\"}}],\"inLanguage\":\"de\"},{\"@type\":\"Organization\",\"@id\":\"https:\\\/\\\/www.gerwicon.de\\\/#organization\",\"name\":\"Gerwig Finanz & Controlling\",\"url\":\"https:\\\/\\\/www.gerwicon.de\\\/\",\"logo\":{\"@type\":\"ImageObject\",\"inLanguage\":\"de\",\"@id\":\"https:\\\/\\\/www.gerwicon.de\\\/#\\\/schema\\\/logo\\\/image\\\/\",\"url\":\"https:\\\/\\\/www.gerwicon.de\\\/wp-content\\\/uploads\\\/2024\\\/10\\\/cropped-gerwigcon_Logo_header_4-1.png\",\"contentUrl\":\"https:\\\/\\\/www.gerwicon.de\\\/wp-content\\\/uploads\\\/2024\\\/10\\\/cropped-gerwigcon_Logo_header_4-1.png\",\"width\":1063,\"height\":377,\"caption\":\"Gerwig Finanz & Controlling\"},\"image\":{\"@id\":\"https:\\\/\\\/www.gerwicon.de\\\/#\\\/schema\\\/logo\\\/image\\\/\"}}]}<\/script>\n<!-- \/ Yoast SEO plugin. -->","yoast_head_json":{"title":"Vorteile eines externen Controllings - Gerwig","robots":{"index":"index","follow":"follow","max-snippet":"max-snippet:-1","max-image-preview":"max-image-preview:large","max-video-preview":"max-video-preview:-1"},"canonical":"https:\/\/www.gerwicon.de\/index.php\/vorteile-eines-externen-controllings\/","og_locale":"de_DE","og_type":"article","og_title":"Vorteile eines externen Controllings - Gerwig","og_description":"Vorteile eines externen Controllings Kosteneffizienz Einer der gr\u00f6\u00dften Vorteile von externem Controlling liegt in der Kosteneffizienz. Der Aufbau einer internen [&hellip;]","og_url":"https:\/\/www.gerwicon.de\/index.php\/vorteile-eines-externen-controllings\/","og_site_name":"Gerwig","article_modified_time":"2024-11-02T11:14:50+00:00","twitter_card":"summary_large_image","twitter_misc":{"Gesch\u00e4tzte Lesezeit":"4\u00a0Minuten"},"schema":{"@context":"https:\/\/schema.org","@graph":[{"@type":"WebPage","@id":"https:\/\/www.gerwicon.de\/index.php\/vorteile-eines-externen-controllings\/","url":"https:\/\/www.gerwicon.de\/index.php\/vorteile-eines-externen-controllings\/","name":"Vorteile eines externen Controllings - Gerwig","isPartOf":{"@id":"https:\/\/www.gerwicon.de\/#website"},"datePublished":"2024-09-28T20:22:21+00:00","dateModified":"2024-11-02T11:14:50+00:00","breadcrumb":{"@id":"https:\/\/www.gerwicon.de\/index.php\/vorteile-eines-externen-controllings\/#breadcrumb"},"inLanguage":"de","potentialAction":[{"@type":"ReadAction","target":["https:\/\/www.gerwicon.de\/index.php\/vorteile-eines-externen-controllings\/"]}]},{"@type":"BreadcrumbList","@id":"https:\/\/www.gerwicon.de\/index.php\/vorteile-eines-externen-controllings\/#breadcrumb","itemListElement":[{"@type":"ListItem","position":1,"name":"Startseite","item":"https:\/\/www.gerwicon.de\/"},{"@type":"ListItem","position":2,"name":"Vorteile eines externen Controllings"}]},{"@type":"WebSite","@id":"https:\/\/www.gerwicon.de\/#website","url":"https:\/\/www.gerwicon.de\/","name":"Gerwig Finanz & Controlling","description":"Finanz &amp; Controlling","publisher":{"@id":"https:\/\/www.gerwicon.de\/#organization"},"potentialAction":[{"@type":"SearchAction","target":{"@type":"EntryPoint","urlTemplate":"https:\/\/www.gerwicon.de\/?s={search_term_string}"},"query-input":{"@type":"PropertyValueSpecification","valueRequired":true,"valueName":"search_term_string"}}],"inLanguage":"de"},{"@type":"Organization","@id":"https:\/\/www.gerwicon.de\/#organization","name":"Gerwig Finanz & Controlling","url":"https:\/\/www.gerwicon.de\/","logo":{"@type":"ImageObject","inLanguage":"de","@id":"https:\/\/www.gerwicon.de\/#\/schema\/logo\/image\/","url":"https:\/\/www.gerwicon.de\/wp-content\/uploads\/2024\/10\/cropped-gerwigcon_Logo_header_4-1.png","contentUrl":"https:\/\/www.gerwicon.de\/wp-content\/uploads\/2024\/10\/cropped-gerwigcon_Logo_header_4-1.png","width":1063,"height":377,"caption":"Gerwig Finanz & Controlling"},"image":{"@id":"https:\/\/www.gerwicon.de\/#\/schema\/logo\/image\/"}}]}},"_links":{"self":[{"href":"https:\/\/www.gerwicon.de\/index.php\/wp-json\/wp\/v2\/pages\/401","targetHints":{"allow":["GET"]}}],"collection":[{"href":"https:\/\/www.gerwicon.de\/index.php\/wp-json\/wp\/v2\/pages"}],"about":[{"href":"https:\/\/www.gerwicon.de\/index.php\/wp-json\/wp\/v2\/types\/page"}],"author":[{"embeddable":true,"href":"https:\/\/www.gerwicon.de\/index.php\/wp-json\/wp\/v2\/users\/1"}],"replies":[{"embeddable":true,"href":"https:\/\/www.gerwicon.de\/index.php\/wp-json\/wp\/v2\/comments?post=401"}],"version-history":[{"count":0,"href":"https:\/\/www.gerwicon.de\/index.php\/wp-json\/wp\/v2\/pages\/401\/revisions"}],"wp:attachment":[{"href":"https:\/\/www.gerwicon.de\/index.php\/wp-json\/wp\/v2\/media?parent=401"}],"curies":[{"name":"wp","href":"https:\/\/api.w.org\/{rel}","templated":true}]}}