{"id":403,"date":"2024-09-28T22:22:02","date_gmt":"2024-09-28T20:22:02","guid":{"rendered":"https:\/\/www.gerwicon.de\/?page_id=403"},"modified":"2024-11-02T12:31:22","modified_gmt":"2024-11-02T11:31:22","slug":"vorteile-von-externen-buchhaltungsdienstleistungen","status":"publish","type":"page","link":"https:\/\/www.gerwicon.de\/index.php\/vorteile-von-externen-buchhaltungsdienstleistungen\/","title":{"rendered":"Vorteile von externen Buchhaltungsdienstleistungen"},"content":{"rendered":"\t\t<div data-elementor-type=\"wp-page\" data-elementor-id=\"403\" class=\"elementor elementor-403\">\n\t\t\t\t<div class=\"elementor-element elementor-element-3dfc051f e-con-full e-flex e-con e-parent\" data-id=\"3dfc051f\" data-element_type=\"container\" data-e-type=\"container\" data-settings=\"{&quot;background_background&quot;:&quot;classic&quot;}\">\n\t\t<div class=\"elementor-element elementor-element-bb6baf1 e-con-full e-flex e-con e-child\" data-id=\"bb6baf1\" data-element_type=\"container\" data-e-type=\"container\">\n\t\t\t\t<div class=\"elementor-element elementor-element-4feae743 elementor-widget__width-initial elementor-widget elementor-widget-heading\" data-id=\"4feae743\" data-element_type=\"widget\" data-e-type=\"widget\" data-widget_type=\"heading.default\">\n\t\t\t\t<div class=\"elementor-widget-container\">\n\t\t\t\t\t<h1 class=\"elementor-heading-title elementor-size-default\">Vorteile der externen Buchhaltung<\/h1>\t\t\t\t<\/div>\n\t\t\t\t<\/div>\n\t\t\t\t<\/div>\n\t\t\t\t<div class=\"elementor-element elementor-element-1e394039 elementor-widget__width-initial elementor-widget elementor-widget-heading\" data-id=\"1e394039\" data-element_type=\"widget\" data-e-type=\"widget\" id=\"Finanzbuchhaltung\" data-widget_type=\"heading.default\">\n\t\t\t\t<div class=\"elementor-widget-container\">\n\t\t\t\t\t<h2 class=\"elementor-heading-title elementor-size-default\">Zeitersparnis<\/h2>\t\t\t\t<\/div>\n\t\t\t\t<\/div>\n\t\t\t\t<div class=\"elementor-element elementor-element-19cdae4b elementor-widget__width-initial elementor-widget elementor-widget-text-editor\" data-id=\"19cdae4b\" data-element_type=\"widget\" data-e-type=\"widget\" data-widget_type=\"text-editor.default\">\n\t\t\t\t<div class=\"elementor-widget-container\">\n\t\t\t\t\t\t\t\t\t<p>Einer der gr\u00f6\u00dften Vorteile f\u00fcr Sie besteht in der erheblichen Zeitersparnis. Das F\u00fchren der Buchhaltung kann zeitintensiv sein, besonders wenn es an Fachwissen und Erfahrung mangelt. Durch die Auslagerung dieser Aufgaben an uns k\u00f6nnen Sie sich auf ihre Kernaufgaben konzentrieren, wie beispielsweise die Produktentwicklung, den Vertrieb oder die Kundenbetreuung. Dadurch wird die Effizienz Ihres gesamten Unternehmens gesteigert.<\/p>\t\t\t\t\t\t\t\t<\/div>\n\t\t\t\t<\/div>\n\t\t\t\t<div class=\"elementor-element elementor-element-5a0926c0 elementor-widget__width-initial elementor-widget elementor-widget-heading\" data-id=\"5a0926c0\" data-element_type=\"widget\" data-e-type=\"widget\" data-widget_type=\"heading.default\">\n\t\t\t\t<div class=\"elementor-widget-container\">\n\t\t\t\t\t<h2 class=\"elementor-heading-title elementor-size-default\">Kosteneffizienz<\/h2>\t\t\t\t<\/div>\n\t\t\t\t<\/div>\n\t\t\t\t<div class=\"elementor-element elementor-element-caacca2 elementor-widget__width-initial elementor-widget elementor-widget-text-editor\" data-id=\"caacca2\" data-element_type=\"widget\" data-e-type=\"widget\" data-widget_type=\"text-editor.default\">\n\t\t\t\t<div class=\"elementor-widget-container\">\n\t\t\t\t\t\t\t\t\t<p>Die externe Buchhaltung ist h\u00e4ufig kosteng\u00fcnstiger als die Einstellung eines internen Buchhalters. Ein interner Buchhalter erfordert nicht nur ein festes Gehalt, sondern auch zus\u00e4tzliche Kosten wie Sozialversicherungsbeitr\u00e4ge, Urlaubsanspr\u00fcche und Weiterbildungen. Im Gegensatz dazu k\u00f6nnen wir flexibel nach Bedarf engagiert werden, wodurch die Kosten klar strukturiert und bedarfsgerecht kalkuliert werden k\u00f6nnen. Das ist besonders f\u00fcr kleine Unternehmen mit beschr\u00e4nkten finanziellen Ressourcen vorteilhaft.<\/p>\t\t\t\t\t\t\t\t<\/div>\n\t\t\t\t<\/div>\n\t\t\t\t<div class=\"elementor-element elementor-element-70165f3a elementor-widget__width-initial elementor-widget elementor-widget-heading\" data-id=\"70165f3a\" data-element_type=\"widget\" data-e-type=\"widget\" id=\"Controlling\" data-widget_type=\"heading.default\">\n\t\t\t\t<div class=\"elementor-widget-container\">\n\t\t\t\t\t<h2 class=\"elementor-heading-title elementor-size-default\">Fachkompetenz<\/h2>\t\t\t\t<\/div>\n\t\t\t\t<\/div>\n\t\t\t\t<div class=\"elementor-element elementor-element-5534f1a0 elementor-widget__width-initial elementor-widget elementor-widget-text-editor\" data-id=\"5534f1a0\" data-element_type=\"widget\" data-e-type=\"widget\" data-widget_type=\"text-editor.default\">\n\t\t\t\t<div class=\"elementor-widget-container\">\n\t\t\t\t\t\t\t\t\t<p>Wir verf\u00fcgen \u00fcber tiefgreifendes Fachwissen und sind mit den neuesten Vorschriften und Gesetzen vertraut. Gerade kleine Unternehmen k\u00f6nnen es sich oft nicht leisten, einen spezialisierten Buchhalter im Team zu haben oder st\u00e4ndig \u00fcber die aktuellen steuerlichen Regelungen informiert zu bleiben. Wir k\u00f6nnen sicherstellen, dass die Buchhaltung stets den geltenden Vorschriften entspricht, und helfen dabei, Fehler und potenzielle rechtliche Probleme zu vermeiden.<\/p>\t\t\t\t\t\t\t\t<\/div>\n\t\t\t\t<\/div>\n\t\t\t\t<div class=\"elementor-element elementor-element-67aabdfc elementor-widget__width-initial elementor-widget elementor-widget-heading\" data-id=\"67aabdfc\" data-element_type=\"widget\" data-e-type=\"widget\" data-widget_type=\"heading.default\">\n\t\t\t\t<div class=\"elementor-widget-container\">\n\t\t\t\t\t<h2 class=\"elementor-heading-title elementor-size-default\">Flexibilit\u00e4t und Skalierbarkeit<\/h2>\t\t\t\t<\/div>\n\t\t\t\t<\/div>\n\t\t\t\t<div class=\"elementor-element elementor-element-7384a273 elementor-widget__width-initial elementor-widget elementor-widget-text-editor\" data-id=\"7384a273\" data-element_type=\"widget\" data-e-type=\"widget\" data-widget_type=\"text-editor.default\">\n\t\t\t\t<div class=\"elementor-widget-container\">\n\t\t\t\t\t\t\t\t\t<p>Die Anforderungen an die Buchhaltung k\u00f6nnen je nach Gr\u00f6\u00dfe des Unternehmens und Gesch\u00e4ftsentwicklung stark variieren. Wir bieten hier den Vorteil der Flexibilit\u00e4t. Ob es um monatliche Buchhaltungsarbeiten, Lohnabrechnung oder spezifische Aufgaben geht \u2013 wir k\u00f6nnen ihre Dienstleistungen an Ihren jeweiligen Bedarf anpassen. Bei Wachstum Ihres Unternehmens l\u00e4sst sich die Buchhaltung skalieren, ohne dass interne Strukturen angepasst oder zus\u00e4tzliche Mitarbeiter eingestellt werden m\u00fcssen.<\/p>\t\t\t\t\t\t\t\t<\/div>\n\t\t\t\t<\/div>\n\t\t\t\t<div class=\"elementor-element elementor-element-6d5948ad elementor-widget__width-initial elementor-widget elementor-widget-heading\" data-id=\"6d5948ad\" data-element_type=\"widget\" data-e-type=\"widget\" id=\"Digitalisierung\" data-widget_type=\"heading.default\">\n\t\t\t\t<div class=\"elementor-widget-container\">\n\t\t\t\t\t<h2 class=\"elementor-heading-title elementor-size-default\">Schnellere und genauere Finanzberichterstattung<\/h2>\t\t\t\t<\/div>\n\t\t\t\t<\/div>\n\t\t\t\t<div class=\"elementor-element elementor-element-31ad3f99 elementor-widget__width-initial elementor-widget elementor-widget-text-editor\" data-id=\"31ad3f99\" data-element_type=\"widget\" data-e-type=\"widget\" data-widget_type=\"text-editor.default\">\n\t\t\t\t<div class=\"elementor-widget-container\">\n\t\t\t\t\t\t\t\t\t<p>Wir arbeiten mit modernen Buchhaltungsprogrammen und haben etablierte Prozesse, um Finanzdaten zeitnah und genau zu erfassen und zu verarbeiten. Dies erm\u00f6glicht es Ihnen, schneller auf aktuelle Berichte zuzugreifen. Diese Berichte sind entscheidend f\u00fcr fundierte gesch\u00e4ftliche Entscheidungen, da sie einen genauen \u00dcberblick \u00fcber die finanzielle Lage Ihres Unternehmens bieten.<\/p>\t\t\t\t\t\t\t\t<\/div>\n\t\t\t\t<\/div>\n\t\t\t\t<div class=\"elementor-element elementor-element-2fb3c04 elementor-widget__width-initial elementor-widget elementor-widget-heading\" data-id=\"2fb3c04\" data-element_type=\"widget\" data-e-type=\"widget\" data-widget_type=\"heading.default\">\n\t\t\t\t<div class=\"elementor-widget-container\">\n\t\t\t\t\t<h2 class=\"elementor-heading-title elementor-size-default\">Risikominimierung<\/h2>\t\t\t\t<\/div>\n\t\t\t\t<\/div>\n\t\t\t\t<div class=\"elementor-element elementor-element-7f61a0b elementor-widget__width-initial elementor-widget elementor-widget-text-editor\" data-id=\"7f61a0b\" data-element_type=\"widget\" data-e-type=\"widget\" data-widget_type=\"text-editor.default\">\n\t\t\t\t<div class=\"elementor-widget-container\">\n\t\t\t\t\t\t\t\t\t<p>Die Buchhaltung ist ein Bereich, in dem Fehler schnell schwerwiegende Folgen haben k\u00f6nnen, sei es in Form von Steuerr\u00fcckzahlungen, Geldstrafen oder rechtlichen Auseinandersetzungen. Wir verf\u00fcgen \u00fcber das Fachwissen und die Erfahrung, um solche Fehler zu vermeiden.<\/p>\t\t\t\t\t\t\t\t<\/div>\n\t\t\t\t<\/div>\n\t\t\t\t<div class=\"elementor-element elementor-element-e6fe7d7 elementor-widget__width-initial elementor-widget elementor-widget-heading\" data-id=\"e6fe7d7\" data-element_type=\"widget\" data-e-type=\"widget\" data-widget_type=\"heading.default\">\n\t\t\t\t<div class=\"elementor-widget-container\">\n\t\t\t\t\t<h2 class=\"elementor-heading-title elementor-size-default\">Nutzung moderner Technologien<\/h2>\t\t\t\t<\/div>\n\t\t\t\t<\/div>\n\t\t\t\t<div class=\"elementor-element elementor-element-bc4d0b7 elementor-widget__width-initial elementor-widget elementor-widget-text-editor\" data-id=\"bc4d0b7\" data-element_type=\"widget\" data-e-type=\"widget\" data-widget_type=\"text-editor.default\">\n\t\t\t\t<div class=\"elementor-widget-container\">\n\t\t\t\t\t\t\t\t\t<p>Wir nutzen moderne Softwarel\u00f6sungen, die den Arbeitsablauf erheblich verbessern. Diese Technologien bieten auch zus\u00e4tzliche Sicherheitsfunktionen, die den Schutz sensibler Daten gew\u00e4hrleisten. Durch den Einsatz von Cloud-L\u00f6sungen haben Sie zudem den Vorteil, dass sie von \u00fcberall aus auf ihre Finanzdaten zugreifen k\u00f6nnen, was besonders in der heutigen mobilen Gesch\u00e4ftswelt von Bedeutung ist.<\/p>\t\t\t\t\t\t\t\t<\/div>\n\t\t\t\t<\/div>\n\t\t\t\t<div class=\"elementor-element elementor-element-c550f1d elementor-widget__width-initial elementor-widget elementor-widget-heading\" data-id=\"c550f1d\" data-element_type=\"widget\" data-e-type=\"widget\" data-widget_type=\"heading.default\">\n\t\t\t\t<div class=\"elementor-widget-container\">\n\t\t\t\t\t<h2 class=\"elementor-heading-title elementor-size-default\">Datenschutz und Sicherheit<\/h2>\t\t\t\t<\/div>\n\t\t\t\t<\/div>\n\t\t\t\t<div class=\"elementor-element elementor-element-51e1598 elementor-widget__width-initial elementor-widget elementor-widget-text-editor\" data-id=\"51e1598\" data-element_type=\"widget\" data-e-type=\"widget\" data-widget_type=\"text-editor.default\">\n\t\t\t\t<div class=\"elementor-widget-container\">\n\t\t\t\t\t\t\t\t\t<p>Die Sicherheit von Finanzdaten hat in jedem Unternehmen hohe Priorit\u00e4t. Wir setzen spezialisierte Systeme und Sicherheitsma\u00dfnahmen ein, um Daten vor Diebstahl oder Verlust zu sch\u00fctzen. Dies reduziert das Risiko, dass sensible Daten in falsche H\u00e4nde geraten oder durch menschliche Fehler verloren gehen. Gerade kleine Unternehmen, die \u00fcber keine eigene IT-Abteilung verf\u00fcgen, profitieren von unseren hohen Sicherheitsstandards.<\/p>\t\t\t\t\t\t\t\t<\/div>\n\t\t\t\t<\/div>\n\t\t\t\t<div class=\"elementor-element elementor-element-1ba4071 elementor-widget__width-initial elementor-widget elementor-widget-heading\" data-id=\"1ba4071\" data-element_type=\"widget\" data-e-type=\"widget\" data-widget_type=\"heading.default\">\n\t\t\t\t<div class=\"elementor-widget-container\">\n\t\t\t\t\t<h2 class=\"elementor-heading-title elementor-size-default\">Fokus auf das Kerngesch\u00e4ft<\/h2>\t\t\t\t<\/div>\n\t\t\t\t<\/div>\n\t\t\t\t<div class=\"elementor-element elementor-element-6606610 elementor-widget__width-initial elementor-widget elementor-widget-text-editor\" data-id=\"6606610\" data-element_type=\"widget\" data-e-type=\"widget\" data-widget_type=\"text-editor.default\">\n\t\t\t\t<div class=\"elementor-widget-container\">\n\t\t\t\t\t\t\t\t\t<p>F\u00fcr viele ist die Buchhaltung eine ungeliebte und stressige Aufgabe, die sie von ihrem eigentlichen Gesch\u00e4ft ablenkt. Die Auslagerung der Buchhaltung schafft hier Abhilfe und gibt Ihnen die Freiheit, sich auf das zu konzentrieren, was Ihnen wirklich wichtig ist: den Ausbau und das Wachstum ihres Unternehmens.<\/p>\t\t\t\t\t\t\t\t<\/div>\n\t\t\t\t<\/div>\n\t\t\t\t<\/div>\n\t\t<div class=\"elementor-element elementor-element-48c45413 e-grid e-con-boxed e-con e-parent\" data-id=\"48c45413\" data-element_type=\"container\" data-e-type=\"container\" data-settings=\"{&quot;background_background&quot;:&quot;gradient&quot;}\">\n\t\t\t\t\t<div class=\"e-con-inner\">\n\t\t\t\t<div class=\"elementor-element elementor-element-6a8ba64c elementor-widget elementor-widget-text-editor\" data-id=\"6a8ba64c\" data-element_type=\"widget\" data-e-type=\"widget\" data-widget_type=\"text-editor.default\">\n\t\t\t\t<div class=\"elementor-widget-container\">\n\t\t\t\t\t\t\t\t\t<p style=\"text-align: center;\"><span style=\"color: #ffffff;\"><a style=\"color: #ffffff;\" title=\"Impressum\" href=\"https:\/\/www.gerwicon.de\/index.php\/impressum\/\">Impressum<\/a><\/span><\/p>\t\t\t\t\t\t\t\t<\/div>\n\t\t\t\t<\/div>\n\t\t\t\t<div class=\"elementor-element elementor-element-7f3e8710 elementor-widget elementor-widget-text-editor\" data-id=\"7f3e8710\" data-element_type=\"widget\" data-e-type=\"widget\" data-widget_type=\"text-editor.default\">\n\t\t\t\t<div class=\"elementor-widget-container\">\n\t\t\t\t\t\t\t\t\t<p style=\"text-align: center;\"><a title=\"Datenschutzerkl\u00e4rung\" href=\"https:\/\/www.gerwicon.de\/index.php\/datenschutzerklaerung\/\"><span style=\"color: #ffffff;\">Datenschutzerkl\u00e4rung<\/span><\/a><\/p>\t\t\t\t\t\t\t\t<\/div>\n\t\t\t\t<\/div>\n\t\t\t\t\t<\/div>\n\t\t\t\t<\/div>\n\t\t\t\t<\/div>\n\t\t","protected":false},"excerpt":{"rendered":"<p>Vorteile der externen Buchhaltung Zeitersparnis Einer der gr\u00f6\u00dften Vorteile f\u00fcr Sie besteht in der erheblichen Zeitersparnis. Das F\u00fchren der Buchhaltung [&hellip;]<\/p>\n","protected":false},"author":1,"featured_media":0,"parent":0,"menu_order":0,"comment_status":"closed","ping_status":"closed","template":"","meta":{"_monsterinsights_skip_tracking":false,"_monsterinsights_sitenote_active":false,"_monsterinsights_sitenote_note":"","_monsterinsights_sitenote_category":0,"site-sidebar-layout":"default","site-content-layout":"","ast-site-content-layout":"","site-content-style":"default","site-sidebar-style":"default","ast-global-header-display":"","ast-banner-title-visibility":"","ast-main-header-display":"","ast-hfb-above-header-display":"","ast-hfb-below-header-display":"","ast-hfb-mobile-header-display":"","site-post-title":"","ast-breadcrumbs-content":"","ast-featured-img":"","footer-sml-layout":"","theme-transparent-header-meta":"","adv-header-id-meta":"","stick-header-meta":"","header-above-stick-meta":"","header-main-stick-meta":"","header-below-stick-meta":"","astra-migrate-meta-layouts":"default","ast-page-background-enabled":"default","ast-page-background-meta":{"desktop":{"background-color":"var(--ast-global-color-4)","background-image":"","background-repeat":"repeat","background-position":"center center","background-size":"auto","background-attachment":"scroll","background-type":"","background-media":"","overlay-type":"","overlay-color":"","overlay-opacity":"","overlay-gradient":""},"tablet":{"background-color":"","background-image":"","background-repeat":"repeat","background-position":"center center","background-size":"auto","background-attachment":"scroll","background-type":"","background-media":"","overlay-type":"","overlay-color":"","overlay-opacity":"","overlay-gradient":""},"mobile":{"background-color":"","background-image":"","background-repeat":"repeat","background-position":"center center","background-size":"auto","background-attachment":"scroll","background-type":"","background-media":"","overlay-type":"","overlay-color":"","overlay-opacity":"","overlay-gradient":""}},"ast-content-background-meta":{"desktop":{"background-color":"var(--ast-global-color-5)","background-image":"","background-repeat":"repeat","background-position":"center center","background-size":"auto","background-attachment":"scroll","background-type":"","background-media":"","overlay-type":"","overlay-color":"","overlay-opacity":"","overlay-gradient":""},"tablet":{"background-color":"var(--ast-global-color-5)","background-image":"","background-repeat":"repeat","background-position":"center center","background-size":"auto","background-attachment":"scroll","background-type":"","background-media":"","overlay-type":"","overlay-color":"","overlay-opacity":"","overlay-gradient":""},"mobile":{"background-color":"var(--ast-global-color-5)","background-image":"","background-repeat":"repeat","background-position":"center center","background-size":"auto","background-attachment":"scroll","background-type":"","background-media":"","overlay-type":"","overlay-color":"","overlay-opacity":"","overlay-gradient":""}},"footnotes":""},"class_list":["post-403","page","type-page","status-publish","hentry"],"yoast_head":"<!-- This site is optimized with the Yoast SEO plugin v27.5 - https:\/\/yoast.com\/product\/yoast-seo-wordpress\/ -->\n<title>Vorteile von externen Buchhaltungsdienstleistungen - Gerwig<\/title>\n<meta name=\"robots\" content=\"index, follow, max-snippet:-1, max-image-preview:large, max-video-preview:-1\" \/>\n<link rel=\"canonical\" href=\"https:\/\/www.gerwicon.de\/index.php\/vorteile-von-externen-buchhaltungsdienstleistungen\/\" \/>\n<meta property=\"og:locale\" content=\"de_DE\" \/>\n<meta property=\"og:type\" content=\"article\" \/>\n<meta property=\"og:title\" content=\"Vorteile von externen Buchhaltungsdienstleistungen - Gerwig\" \/>\n<meta property=\"og:description\" content=\"Vorteile der externen Buchhaltung Zeitersparnis Einer der gr\u00f6\u00dften Vorteile f\u00fcr Sie besteht in der erheblichen Zeitersparnis. Das F\u00fchren der Buchhaltung [&hellip;]\" \/>\n<meta property=\"og:url\" content=\"https:\/\/www.gerwicon.de\/index.php\/vorteile-von-externen-buchhaltungsdienstleistungen\/\" \/>\n<meta property=\"og:site_name\" content=\"Gerwig\" \/>\n<meta property=\"article:modified_time\" content=\"2024-11-02T11:31:22+00:00\" \/>\n<meta name=\"twitter:card\" content=\"summary_large_image\" \/>\n<meta name=\"twitter:label1\" content=\"Gesch\u00e4tzte Lesezeit\" \/>\n\t<meta name=\"twitter:data1\" content=\"3\u00a0Minuten\" \/>\n<script type=\"application\/ld+json\" class=\"yoast-schema-graph\">{\"@context\":\"https:\\\/\\\/schema.org\",\"@graph\":[{\"@type\":\"WebPage\",\"@id\":\"https:\\\/\\\/www.gerwicon.de\\\/index.php\\\/vorteile-von-externen-buchhaltungsdienstleistungen\\\/\",\"url\":\"https:\\\/\\\/www.gerwicon.de\\\/index.php\\\/vorteile-von-externen-buchhaltungsdienstleistungen\\\/\",\"name\":\"Vorteile von externen Buchhaltungsdienstleistungen - Gerwig\",\"isPartOf\":{\"@id\":\"https:\\\/\\\/www.gerwicon.de\\\/#website\"},\"datePublished\":\"2024-09-28T20:22:02+00:00\",\"dateModified\":\"2024-11-02T11:31:22+00:00\",\"breadcrumb\":{\"@id\":\"https:\\\/\\\/www.gerwicon.de\\\/index.php\\\/vorteile-von-externen-buchhaltungsdienstleistungen\\\/#breadcrumb\"},\"inLanguage\":\"de\",\"potentialAction\":[{\"@type\":\"ReadAction\",\"target\":[\"https:\\\/\\\/www.gerwicon.de\\\/index.php\\\/vorteile-von-externen-buchhaltungsdienstleistungen\\\/\"]}]},{\"@type\":\"BreadcrumbList\",\"@id\":\"https:\\\/\\\/www.gerwicon.de\\\/index.php\\\/vorteile-von-externen-buchhaltungsdienstleistungen\\\/#breadcrumb\",\"itemListElement\":[{\"@type\":\"ListItem\",\"position\":1,\"name\":\"Startseite\",\"item\":\"https:\\\/\\\/www.gerwicon.de\\\/\"},{\"@type\":\"ListItem\",\"position\":2,\"name\":\"Vorteile von externen Buchhaltungsdienstleistungen\"}]},{\"@type\":\"WebSite\",\"@id\":\"https:\\\/\\\/www.gerwicon.de\\\/#website\",\"url\":\"https:\\\/\\\/www.gerwicon.de\\\/\",\"name\":\"Gerwig Finanz & Controlling\",\"description\":\"Finanz &amp; Controlling\",\"publisher\":{\"@id\":\"https:\\\/\\\/www.gerwicon.de\\\/#organization\"},\"potentialAction\":[{\"@type\":\"SearchAction\",\"target\":{\"@type\":\"EntryPoint\",\"urlTemplate\":\"https:\\\/\\\/www.gerwicon.de\\\/?s={search_term_string}\"},\"query-input\":{\"@type\":\"PropertyValueSpecification\",\"valueRequired\":true,\"valueName\":\"search_term_string\"}}],\"inLanguage\":\"de\"},{\"@type\":\"Organization\",\"@id\":\"https:\\\/\\\/www.gerwicon.de\\\/#organization\",\"name\":\"Gerwig Finanz & Controlling\",\"url\":\"https:\\\/\\\/www.gerwicon.de\\\/\",\"logo\":{\"@type\":\"ImageObject\",\"inLanguage\":\"de\",\"@id\":\"https:\\\/\\\/www.gerwicon.de\\\/#\\\/schema\\\/logo\\\/image\\\/\",\"url\":\"https:\\\/\\\/www.gerwicon.de\\\/wp-content\\\/uploads\\\/2024\\\/10\\\/cropped-gerwigcon_Logo_header_4-1.png\",\"contentUrl\":\"https:\\\/\\\/www.gerwicon.de\\\/wp-content\\\/uploads\\\/2024\\\/10\\\/cropped-gerwigcon_Logo_header_4-1.png\",\"width\":1063,\"height\":377,\"caption\":\"Gerwig Finanz & Controlling\"},\"image\":{\"@id\":\"https:\\\/\\\/www.gerwicon.de\\\/#\\\/schema\\\/logo\\\/image\\\/\"}}]}<\/script>\n<!-- \/ Yoast SEO plugin. -->","yoast_head_json":{"title":"Vorteile von externen Buchhaltungsdienstleistungen - Gerwig","robots":{"index":"index","follow":"follow","max-snippet":"max-snippet:-1","max-image-preview":"max-image-preview:large","max-video-preview":"max-video-preview:-1"},"canonical":"https:\/\/www.gerwicon.de\/index.php\/vorteile-von-externen-buchhaltungsdienstleistungen\/","og_locale":"de_DE","og_type":"article","og_title":"Vorteile von externen Buchhaltungsdienstleistungen - Gerwig","og_description":"Vorteile der externen Buchhaltung Zeitersparnis Einer der gr\u00f6\u00dften Vorteile f\u00fcr Sie besteht in der erheblichen Zeitersparnis. Das F\u00fchren der Buchhaltung [&hellip;]","og_url":"https:\/\/www.gerwicon.de\/index.php\/vorteile-von-externen-buchhaltungsdienstleistungen\/","og_site_name":"Gerwig","article_modified_time":"2024-11-02T11:31:22+00:00","twitter_card":"summary_large_image","twitter_misc":{"Gesch\u00e4tzte Lesezeit":"3\u00a0Minuten"},"schema":{"@context":"https:\/\/schema.org","@graph":[{"@type":"WebPage","@id":"https:\/\/www.gerwicon.de\/index.php\/vorteile-von-externen-buchhaltungsdienstleistungen\/","url":"https:\/\/www.gerwicon.de\/index.php\/vorteile-von-externen-buchhaltungsdienstleistungen\/","name":"Vorteile von externen Buchhaltungsdienstleistungen - Gerwig","isPartOf":{"@id":"https:\/\/www.gerwicon.de\/#website"},"datePublished":"2024-09-28T20:22:02+00:00","dateModified":"2024-11-02T11:31:22+00:00","breadcrumb":{"@id":"https:\/\/www.gerwicon.de\/index.php\/vorteile-von-externen-buchhaltungsdienstleistungen\/#breadcrumb"},"inLanguage":"de","potentialAction":[{"@type":"ReadAction","target":["https:\/\/www.gerwicon.de\/index.php\/vorteile-von-externen-buchhaltungsdienstleistungen\/"]}]},{"@type":"BreadcrumbList","@id":"https:\/\/www.gerwicon.de\/index.php\/vorteile-von-externen-buchhaltungsdienstleistungen\/#breadcrumb","itemListElement":[{"@type":"ListItem","position":1,"name":"Startseite","item":"https:\/\/www.gerwicon.de\/"},{"@type":"ListItem","position":2,"name":"Vorteile von externen Buchhaltungsdienstleistungen"}]},{"@type":"WebSite","@id":"https:\/\/www.gerwicon.de\/#website","url":"https:\/\/www.gerwicon.de\/","name":"Gerwig Finanz & Controlling","description":"Finanz &amp; Controlling","publisher":{"@id":"https:\/\/www.gerwicon.de\/#organization"},"potentialAction":[{"@type":"SearchAction","target":{"@type":"EntryPoint","urlTemplate":"https:\/\/www.gerwicon.de\/?s={search_term_string}"},"query-input":{"@type":"PropertyValueSpecification","valueRequired":true,"valueName":"search_term_string"}}],"inLanguage":"de"},{"@type":"Organization","@id":"https:\/\/www.gerwicon.de\/#organization","name":"Gerwig Finanz & Controlling","url":"https:\/\/www.gerwicon.de\/","logo":{"@type":"ImageObject","inLanguage":"de","@id":"https:\/\/www.gerwicon.de\/#\/schema\/logo\/image\/","url":"https:\/\/www.gerwicon.de\/wp-content\/uploads\/2024\/10\/cropped-gerwigcon_Logo_header_4-1.png","contentUrl":"https:\/\/www.gerwicon.de\/wp-content\/uploads\/2024\/10\/cropped-gerwigcon_Logo_header_4-1.png","width":1063,"height":377,"caption":"Gerwig Finanz & Controlling"},"image":{"@id":"https:\/\/www.gerwicon.de\/#\/schema\/logo\/image\/"}}]}},"_links":{"self":[{"href":"https:\/\/www.gerwicon.de\/index.php\/wp-json\/wp\/v2\/pages\/403","targetHints":{"allow":["GET"]}}],"collection":[{"href":"https:\/\/www.gerwicon.de\/index.php\/wp-json\/wp\/v2\/pages"}],"about":[{"href":"https:\/\/www.gerwicon.de\/index.php\/wp-json\/wp\/v2\/types\/page"}],"author":[{"embeddable":true,"href":"https:\/\/www.gerwicon.de\/index.php\/wp-json\/wp\/v2\/users\/1"}],"replies":[{"embeddable":true,"href":"https:\/\/www.gerwicon.de\/index.php\/wp-json\/wp\/v2\/comments?post=403"}],"version-history":[{"count":0,"href":"https:\/\/www.gerwicon.de\/index.php\/wp-json\/wp\/v2\/pages\/403\/revisions"}],"wp:attachment":[{"href":"https:\/\/www.gerwicon.de\/index.php\/wp-json\/wp\/v2\/media?parent=403"}],"curies":[{"name":"wp","href":"https:\/\/api.w.org\/{rel}","templated":true}]}}