{"id":414,"date":"2024-09-28T22:37:54","date_gmt":"2024-09-28T20:37:54","guid":{"rendered":"https:\/\/www.gerwicon.de\/?page_id=414"},"modified":"2024-12-01T23:02:21","modified_gmt":"2024-12-01T22:02:21","slug":"ueber-mich","status":"publish","type":"page","link":"https:\/\/www.gerwicon.de\/index.php\/ueber-mich\/","title":{"rendered":"\u00dcber mich"},"content":{"rendered":"\t\t<div data-elementor-type=\"wp-page\" data-elementor-id=\"414\" class=\"elementor elementor-414\">\n\t\t\t\t<div class=\"elementor-element elementor-element-55017dd0 e-con-full e-flex e-con e-parent\" data-id=\"55017dd0\" data-element_type=\"container\" data-e-type=\"container\" data-settings=\"{&quot;background_background&quot;:&quot;classic&quot;}\">\n\t\t<div class=\"elementor-element elementor-element-a406a9b e-con-full e-flex e-con e-child\" data-id=\"a406a9b\" data-element_type=\"container\" data-e-type=\"container\">\n\t\t\t\t<div class=\"elementor-element elementor-element-9807241 elementor-widget elementor-widget-heading\" data-id=\"9807241\" data-element_type=\"widget\" data-e-type=\"widget\" data-widget_type=\"heading.default\">\n\t\t\t\t<div class=\"elementor-widget-container\">\n\t\t\t\t\t<h1 class=\"elementor-heading-title elementor-size-default\">\u00dcber mich<\/h1>\t\t\t\t<\/div>\n\t\t\t\t<\/div>\n\t\t\t\t<\/div>\n\t\t<div class=\"elementor-element elementor-element-fd465bb e-flex e-con-boxed e-con e-child\" data-id=\"fd465bb\" data-element_type=\"container\" data-e-type=\"container\">\n\t\t\t\t\t<div class=\"e-con-inner\">\n\t\t\t\t<div class=\"elementor-element elementor-element-2c1d835 elementor-widget elementor-widget-image\" data-id=\"2c1d835\" data-element_type=\"widget\" data-e-type=\"widget\" data-widget_type=\"image.default\">\n\t\t\t\t<div class=\"elementor-widget-container\">\n\t\t\t\t\t\t\t\t\t\t\t\t<figure class=\"wp-caption\">\n\t\t\t\t\t\t\t\t\t\t<img decoding=\"async\" src=\"https:\/\/www.gerwicon.de\/wp-content\/uploads\/elementor\/thumbs\/Foto-scaled-qwky3dsnpryqjcss5b6y4f8469cx24sh38hgzdu45s.jpg\" title=\"Christian Gerwig\" alt=\"Christian Gerwig\" loading=\"lazy\" \/>\t\t\t\t\t\t\t\t\t\t\t<figcaption class=\"widget-image-caption wp-caption-text\"><\/figcaption>\n\t\t\t\t\t\t\t\t\t\t<\/figure>\n\t\t\t\t\t\t\t\t\t<\/div>\n\t\t\t\t<\/div>\n\t\t\t\t<div class=\"elementor-element elementor-element-de0caaa elementor-widget__width-initial elementor-widget-tablet__width-initial elementor-widget elementor-widget-text-editor\" data-id=\"de0caaa\" data-element_type=\"widget\" data-e-type=\"widget\" data-widget_type=\"text-editor.default\">\n\t\t\t\t<div class=\"elementor-widget-container\">\n\t\t\t\t\t\t\t\t\t<p><strong>\u00dcber mich \u2013 Christian Gerwig<\/strong><\/p><p>Ich bin <strong>Diplom-Wirtschaftsinformatiker (FH)<\/strong>, ausgebildeter <strong>Bankkaufmann<\/strong> und zertifizierter <strong>Lean Six Sigma Green Belt<\/strong>. Seit \u00fcber 20 Jahren habe ich in leitenden Positionen in internationalen Industriekonzernen Erfahrung in den Bereichen <strong>Finanzen<\/strong>, <strong>Controlling<\/strong> und <strong>IT<\/strong> gesammelt.<\/p><p>Mit meinem Fachwissen und praxisorientierten Ansatz unterst\u00fctze ich Sie in folgenden Bereichen:<\/p><ul><li><strong>Laufende Buchhaltung<\/strong>: Buchen laufender Gesch\u00e4ftsvorf\u00e4lle<\/li><li><strong>Planung und Analyse<\/strong>: Jahresplanungen, Forecasts, Investitionsrechnungen<\/li><li><strong>Optimierungen<\/strong>: Prozessverbesserungen, Kostenoptimierungen, Abweichungsanalysen<\/li><li><strong>Abschl\u00fcsse und Reporting<\/strong>: Vorbereitung von Monats- und Jahresabschl\u00fcssen, Reports, Angebotskalkulationen<\/li><li><strong>Digitalisierung<\/strong>: Dokumentenmanagement, E-Rechnungen<\/li><li><strong>Strukturierung und Management<\/strong>: Profitcenter- und Kostenstellenimplementierung, Debitoren- und Kreditorenmanagement<\/li><\/ul><p><strong>Mein Angebot richtet sich besonders an:<\/strong><\/p><ul><li><strong>Existenzgr\u00fcnder<\/strong>, <strong>kleine und mittlere Unternehmen (KMU)<\/strong> sowie <strong>Selbst\u00e4ndige<\/strong> und <strong>Handwerker<\/strong>, die eine zuverl\u00e4ssige und erfahrene Unterst\u00fctzung suchen.<\/li><\/ul><p>Ich bringe umfangreiche Erfahrung mit den Systemen <strong>Agenda<\/strong>, <strong>Lexware<\/strong> und <strong>SAP<\/strong> mit und biete sowohl pers\u00f6nliche Betreuung in den Landkreisen <strong>M\u00fchldorf<\/strong>, <strong>Alt\u00f6tting<\/strong>,\u00a0<span style=\"font-size: 1rem; font-style: inherit; color: var( --e-global-color-astglobalcolor4 ); font-family: var( --e-global-typography-text-font-family ), Sans-serif; text-align: var(--text-align); font-weight: bold;\">Ebersberg<\/span><span style=\"font-size: 1rem; font-style: inherit; font-weight: var( --e-global-typography-text-font-weight ); color: var( --e-global-color-astglobalcolor4 ); font-family: var( --e-global-typography-text-font-family ), Sans-serif; text-align: var(--text-align);\">,\u00a0<\/span><span style=\"color: var( --e-global-color-astglobalcolor4 ); font-family: var( --e-global-typography-text-font-family ), Sans-serif; text-align: var(--text-align); font-size: 1rem; font-weight: bold;\">Erding<\/span><span style=\"color: var( --e-global-color-astglobalcolor4 ); font-family: var( --e-global-typography-text-font-family ), Sans-serif; font-weight: var( --e-global-typography-text-font-weight ); text-align: var(--text-align); font-size: 1rem;\">,\u00a0<\/span><span style=\"font-size: 1rem; font-style: inherit; color: var( --e-global-color-astglobalcolor4 ); font-family: var( --e-global-typography-text-font-family ), Sans-serif; text-align: var(--text-align); font-weight: bold;\">Landshut<\/span><span style=\"font-size: 1rem; font-style: inherit; font-weight: var( --e-global-typography-text-font-weight ); color: var( --e-global-color-astglobalcolor4 ); font-family: var( --e-global-typography-text-font-family ), Sans-serif; text-align: var(--text-align);\">,\u00a0<\/span><strong style=\"font-style: inherit; color: var( --e-global-color-astglobalcolor4 ); font-family: var( --e-global-typography-text-font-family ), Sans-serif; text-align: var(--text-align);\">M\u00fcnchen<\/strong><span style=\"font-style: inherit; font-weight: inherit; color: var( --e-global-color-astglobalcolor4 ); font-family: var( --e-global-typography-text-font-family ), Sans-serif; text-align: var(--text-align);\">, <\/span><strong style=\"font-style: inherit; color: var( --e-global-color-astglobalcolor4 ); font-family: var( --e-global-typography-text-font-family ), Sans-serif; text-align: var(--text-align);\">Rosenheim,\u00a0<\/strong><span style=\"font-size: 1rem; font-style: inherit; color: var( --e-global-color-astglobalcolor4 ); font-family: var( --e-global-typography-text-font-family ), Sans-serif; text-align: var(--text-align); font-weight: bold;\">Rottal-Inn\u00a0<\/span><span style=\"font-style: inherit; font-weight: inherit; color: var( --e-global-color-astglobalcolor4 ); font-family: var( --e-global-typography-text-font-family ), Sans-serif; text-align: var(--text-align);\">und <\/span><strong style=\"font-style: inherit; color: var( --e-global-color-astglobalcolor4 ); font-family: var( --e-global-typography-text-font-family ), Sans-serif; text-align: var(--text-align);\">Traunstein<\/strong><span style=\"font-style: inherit; font-weight: inherit; color: var( --e-global-color-astglobalcolor4 ); font-family: var( --e-global-typography-text-font-family ), Sans-serif; text-align: var(--text-align);\"> als auch deutschlandweite Zusammenarbeit dank moderner Online-Verarbeitungsm\u00f6glichkeiten.<\/span><\/p><h3>Warum mit mir zusammenarbeiten?<\/h3><ul><li><strong>Individuelle L\u00f6sungen<\/strong>: Jede Zusammenarbeit wird an Ihre spezifischen Bed\u00fcrfnisse angepasst.<\/li><li><strong>Effizienz und Klarheit<\/strong>: Ich helfe Ihnen, Prozesse zu vereinfachen und fundierte Entscheidungen zu treffen.<\/li><li><strong>Verl\u00e4sslichkeit und Expertise<\/strong>: \u00dcber zwei Jahrzehnte Erfahrung in der Praxis stehen Ihnen zur Verf\u00fcgung.<\/li><\/ul><p>Ich freue mich darauf, Sie zu entlasten und Ihnen den R\u00fccken f\u00fcr Ihr Kerngesch\u00e4ft freizuhalten.<\/p>\t\t\t\t\t\t\t\t<\/div>\n\t\t\t\t<\/div>\n\t\t\t\t\t<\/div>\n\t\t\t\t<\/div>\n\t\t\t\t<\/div>\n\t\t<div class=\"elementor-element elementor-element-5cc2311c e-grid e-con-boxed e-con e-parent\" data-id=\"5cc2311c\" data-element_type=\"container\" data-e-type=\"container\" data-settings=\"{&quot;background_background&quot;:&quot;gradient&quot;}\">\n\t\t\t\t\t<div class=\"e-con-inner\">\n\t\t\t\t<div class=\"elementor-element elementor-element-6a6c2d elementor-widget elementor-widget-text-editor\" data-id=\"6a6c2d\" data-element_type=\"widget\" data-e-type=\"widget\" data-widget_type=\"text-editor.default\">\n\t\t\t\t<div class=\"elementor-widget-container\">\n\t\t\t\t\t\t\t\t\t<p style=\"text-align: center;\"><span style=\"color: #ffffff;\"><a style=\"color: #ffffff;\" title=\"Impressum\" href=\"https:\/\/www.gerwicon.de\/index.php\/impressum\/\">Impressum<\/a><\/span><\/p>\t\t\t\t\t\t\t\t<\/div>\n\t\t\t\t<\/div>\n\t\t\t\t<div class=\"elementor-element elementor-element-4df1f5c5 elementor-widget elementor-widget-text-editor\" data-id=\"4df1f5c5\" data-element_type=\"widget\" data-e-type=\"widget\" data-widget_type=\"text-editor.default\">\n\t\t\t\t<div class=\"elementor-widget-container\">\n\t\t\t\t\t\t\t\t\t<p style=\"text-align: center;\"><a title=\"Datenschutzerkl\u00e4rung\" href=\"https:\/\/www.gerwicon.de\/index.php\/datenschutzerklaerung\/\"><span style=\"color: #ffffff;\">Datenschutzerkl\u00e4rung<\/span><\/a><\/p>\t\t\t\t\t\t\t\t<\/div>\n\t\t\t\t<\/div>\n\t\t\t\t\t<\/div>\n\t\t\t\t<\/div>\n\t\t\t\t<\/div>\n\t\t","protected":false},"excerpt":{"rendered":"<p>\u00dcber mich \u00dcber mich \u2013 Christian Gerwig Ich bin Diplom-Wirtschaftsinformatiker (FH), ausgebildeter Bankkaufmann und zertifizierter Lean Six Sigma Green Belt. [&hellip;]<\/p>\n","protected":false},"author":1,"featured_media":0,"parent":0,"menu_order":0,"comment_status":"closed","ping_status":"closed","template":"","meta":{"_monsterinsights_skip_tracking":false,"_monsterinsights_sitenote_active":false,"_monsterinsights_sitenote_note":"","_monsterinsights_sitenote_category":0,"site-sidebar-layout":"no-sidebar","site-content-layout":"","ast-site-content-layout":"","site-content-style":"default","site-sidebar-style":"default","ast-global-header-display":"","ast-banner-title-visibility":"","ast-main-header-display":"","ast-hfb-above-header-display":"","ast-hfb-below-header-display":"","ast-hfb-mobile-header-display":"","site-post-title":"disabled","ast-breadcrumbs-content":"","ast-featured-img":"disabled","footer-sml-layout":"","theme-transparent-header-meta":"","adv-header-id-meta":"","stick-header-meta":"","header-above-stick-meta":"","header-main-stick-meta":"","header-below-stick-meta":"","astra-migrate-meta-layouts":"default","ast-page-background-enabled":"default","ast-page-background-meta":{"desktop":{"background-color":"var(--ast-global-color-4)","background-image":"","background-repeat":"repeat","background-position":"center center","background-size":"auto","background-attachment":"scroll","background-type":"","background-media":"","overlay-type":"","overlay-color":"","overlay-opacity":"","overlay-gradient":""},"tablet":{"background-color":"","background-image":"","background-repeat":"repeat","background-position":"center center","background-size":"auto","background-attachment":"scroll","background-type":"","background-media":"","overlay-type":"","overlay-color":"","overlay-opacity":"","overlay-gradient":""},"mobile":{"background-color":"","background-image":"","background-repeat":"repeat","background-position":"center center","background-size":"auto","background-attachment":"scroll","background-type":"","background-media":"","overlay-type":"","overlay-color":"","overlay-opacity":"","overlay-gradient":""}},"ast-content-background-meta":{"desktop":{"background-color":"var(--ast-global-color-5)","background-image":"","background-repeat":"repeat","background-position":"center center","background-size":"auto","background-attachment":"scroll","background-type":"","background-media":"","overlay-type":"","overlay-color":"","overlay-opacity":"","overlay-gradient":""},"tablet":{"background-color":"var(--ast-global-color-5)","background-image":"","background-repeat":"repeat","background-position":"center center","background-size":"auto","background-attachment":"scroll","background-type":"","background-media":"","overlay-type":"","overlay-color":"","overlay-opacity":"","overlay-gradient":""},"mobile":{"background-color":"var(--ast-global-color-5)","background-image":"","background-repeat":"repeat","background-position":"center center","background-size":"auto","background-attachment":"scroll","background-type":"","background-media":"","overlay-type":"","overlay-color":"","overlay-opacity":"","overlay-gradient":""}},"footnotes":""},"class_list":["post-414","page","type-page","status-publish","hentry"],"yoast_head":"<!-- This site is optimized with the Yoast SEO plugin v27.5 - https:\/\/yoast.com\/product\/yoast-seo-wordpress\/ -->\n<title>\u00dcber mich - Gerwig<\/title>\n<meta name=\"robots\" content=\"index, follow, max-snippet:-1, max-image-preview:large, max-video-preview:-1\" \/>\n<link rel=\"canonical\" href=\"https:\/\/www.gerwicon.de\/index.php\/ueber-mich\/\" \/>\n<meta property=\"og:locale\" content=\"de_DE\" \/>\n<meta property=\"og:type\" content=\"article\" \/>\n<meta property=\"og:title\" content=\"\u00dcber mich - Gerwig\" \/>\n<meta property=\"og:description\" content=\"\u00dcber mich \u00dcber mich \u2013 Christian Gerwig Ich bin Diplom-Wirtschaftsinformatiker (FH), ausgebildeter Bankkaufmann und zertifizierter Lean Six Sigma Green Belt. [&hellip;]\" \/>\n<meta property=\"og:url\" content=\"https:\/\/www.gerwicon.de\/index.php\/ueber-mich\/\" \/>\n<meta property=\"og:site_name\" content=\"Gerwig\" \/>\n<meta property=\"article:modified_time\" content=\"2024-12-01T22:02:21+00:00\" \/>\n<meta property=\"og:image\" content=\"https:\/\/www.gerwicon.de\/wp-content\/uploads\/elementor\/thumbs\/Foto-scaled-qwky3dsnpryqjcss5b6y4f8469cx24sh38hgzdu45s.jpg\" \/>\n<meta name=\"twitter:card\" content=\"summary_large_image\" \/>\n<meta name=\"twitter:label1\" content=\"Gesch\u00e4tzte Lesezeit\" \/>\n\t<meta name=\"twitter:data1\" content=\"2\u00a0Minuten\" \/>\n<script type=\"application\/ld+json\" class=\"yoast-schema-graph\">{\"@context\":\"https:\\\/\\\/schema.org\",\"@graph\":[{\"@type\":\"WebPage\",\"@id\":\"https:\\\/\\\/www.gerwicon.de\\\/index.php\\\/ueber-mich\\\/\",\"url\":\"https:\\\/\\\/www.gerwicon.de\\\/index.php\\\/ueber-mich\\\/\",\"name\":\"\u00dcber mich - Gerwig\",\"isPartOf\":{\"@id\":\"https:\\\/\\\/www.gerwicon.de\\\/#website\"},\"primaryImageOfPage\":{\"@id\":\"https:\\\/\\\/www.gerwicon.de\\\/index.php\\\/ueber-mich\\\/#primaryimage\"},\"image\":{\"@id\":\"https:\\\/\\\/www.gerwicon.de\\\/index.php\\\/ueber-mich\\\/#primaryimage\"},\"thumbnailUrl\":\"https:\\\/\\\/www.gerwicon.de\\\/wp-content\\\/uploads\\\/elementor\\\/thumbs\\\/Foto-scaled-qwky3dsnpryqjcss5b6y4f8469cx24sh38hgzdu45s.jpg\",\"datePublished\":\"2024-09-28T20:37:54+00:00\",\"dateModified\":\"2024-12-01T22:02:21+00:00\",\"breadcrumb\":{\"@id\":\"https:\\\/\\\/www.gerwicon.de\\\/index.php\\\/ueber-mich\\\/#breadcrumb\"},\"inLanguage\":\"de\",\"potentialAction\":[{\"@type\":\"ReadAction\",\"target\":[\"https:\\\/\\\/www.gerwicon.de\\\/index.php\\\/ueber-mich\\\/\"]}]},{\"@type\":\"ImageObject\",\"inLanguage\":\"de\",\"@id\":\"https:\\\/\\\/www.gerwicon.de\\\/index.php\\\/ueber-mich\\\/#primaryimage\",\"url\":\"https:\\\/\\\/www.gerwicon.de\\\/wp-content\\\/uploads\\\/elementor\\\/thumbs\\\/Foto-scaled-qwky3dsnpryqjcss5b6y4f8469cx24sh38hgzdu45s.jpg\",\"contentUrl\":\"https:\\\/\\\/www.gerwicon.de\\\/wp-content\\\/uploads\\\/elementor\\\/thumbs\\\/Foto-scaled-qwky3dsnpryqjcss5b6y4f8469cx24sh38hgzdu45s.jpg\"},{\"@type\":\"BreadcrumbList\",\"@id\":\"https:\\\/\\\/www.gerwicon.de\\\/index.php\\\/ueber-mich\\\/#breadcrumb\",\"itemListElement\":[{\"@type\":\"ListItem\",\"position\":1,\"name\":\"Startseite\",\"item\":\"https:\\\/\\\/www.gerwicon.de\\\/\"},{\"@type\":\"ListItem\",\"position\":2,\"name\":\"\u00dcber mich\"}]},{\"@type\":\"WebSite\",\"@id\":\"https:\\\/\\\/www.gerwicon.de\\\/#website\",\"url\":\"https:\\\/\\\/www.gerwicon.de\\\/\",\"name\":\"Gerwig Finanz & Controlling\",\"description\":\"Finanz &amp; Controlling\",\"publisher\":{\"@id\":\"https:\\\/\\\/www.gerwicon.de\\\/#organization\"},\"potentialAction\":[{\"@type\":\"SearchAction\",\"target\":{\"@type\":\"EntryPoint\",\"urlTemplate\":\"https:\\\/\\\/www.gerwicon.de\\\/?s={search_term_string}\"},\"query-input\":{\"@type\":\"PropertyValueSpecification\",\"valueRequired\":true,\"valueName\":\"search_term_string\"}}],\"inLanguage\":\"de\"},{\"@type\":\"Organization\",\"@id\":\"https:\\\/\\\/www.gerwicon.de\\\/#organization\",\"name\":\"Gerwig Finanz & Controlling\",\"url\":\"https:\\\/\\\/www.gerwicon.de\\\/\",\"logo\":{\"@type\":\"ImageObject\",\"inLanguage\":\"de\",\"@id\":\"https:\\\/\\\/www.gerwicon.de\\\/#\\\/schema\\\/logo\\\/image\\\/\",\"url\":\"https:\\\/\\\/www.gerwicon.de\\\/wp-content\\\/uploads\\\/2024\\\/10\\\/cropped-gerwigcon_Logo_header_4-1.png\",\"contentUrl\":\"https:\\\/\\\/www.gerwicon.de\\\/wp-content\\\/uploads\\\/2024\\\/10\\\/cropped-gerwigcon_Logo_header_4-1.png\",\"width\":1063,\"height\":377,\"caption\":\"Gerwig Finanz & Controlling\"},\"image\":{\"@id\":\"https:\\\/\\\/www.gerwicon.de\\\/#\\\/schema\\\/logo\\\/image\\\/\"}}]}<\/script>\n<!-- \/ Yoast SEO plugin. -->","yoast_head_json":{"title":"\u00dcber mich - Gerwig","robots":{"index":"index","follow":"follow","max-snippet":"max-snippet:-1","max-image-preview":"max-image-preview:large","max-video-preview":"max-video-preview:-1"},"canonical":"https:\/\/www.gerwicon.de\/index.php\/ueber-mich\/","og_locale":"de_DE","og_type":"article","og_title":"\u00dcber mich - Gerwig","og_description":"\u00dcber mich \u00dcber mich \u2013 Christian Gerwig Ich bin Diplom-Wirtschaftsinformatiker (FH), ausgebildeter Bankkaufmann und zertifizierter Lean Six Sigma Green Belt. [&hellip;]","og_url":"https:\/\/www.gerwicon.de\/index.php\/ueber-mich\/","og_site_name":"Gerwig","article_modified_time":"2024-12-01T22:02:21+00:00","og_image":[{"url":"https:\/\/www.gerwicon.de\/wp-content\/uploads\/elementor\/thumbs\/Foto-scaled-qwky3dsnpryqjcss5b6y4f8469cx24sh38hgzdu45s.jpg","type":"","width":"","height":""}],"twitter_card":"summary_large_image","twitter_misc":{"Gesch\u00e4tzte Lesezeit":"2\u00a0Minuten"},"schema":{"@context":"https:\/\/schema.org","@graph":[{"@type":"WebPage","@id":"https:\/\/www.gerwicon.de\/index.php\/ueber-mich\/","url":"https:\/\/www.gerwicon.de\/index.php\/ueber-mich\/","name":"\u00dcber mich - Gerwig","isPartOf":{"@id":"https:\/\/www.gerwicon.de\/#website"},"primaryImageOfPage":{"@id":"https:\/\/www.gerwicon.de\/index.php\/ueber-mich\/#primaryimage"},"image":{"@id":"https:\/\/www.gerwicon.de\/index.php\/ueber-mich\/#primaryimage"},"thumbnailUrl":"https:\/\/www.gerwicon.de\/wp-content\/uploads\/elementor\/thumbs\/Foto-scaled-qwky3dsnpryqjcss5b6y4f8469cx24sh38hgzdu45s.jpg","datePublished":"2024-09-28T20:37:54+00:00","dateModified":"2024-12-01T22:02:21+00:00","breadcrumb":{"@id":"https:\/\/www.gerwicon.de\/index.php\/ueber-mich\/#breadcrumb"},"inLanguage":"de","potentialAction":[{"@type":"ReadAction","target":["https:\/\/www.gerwicon.de\/index.php\/ueber-mich\/"]}]},{"@type":"ImageObject","inLanguage":"de","@id":"https:\/\/www.gerwicon.de\/index.php\/ueber-mich\/#primaryimage","url":"https:\/\/www.gerwicon.de\/wp-content\/uploads\/elementor\/thumbs\/Foto-scaled-qwky3dsnpryqjcss5b6y4f8469cx24sh38hgzdu45s.jpg","contentUrl":"https:\/\/www.gerwicon.de\/wp-content\/uploads\/elementor\/thumbs\/Foto-scaled-qwky3dsnpryqjcss5b6y4f8469cx24sh38hgzdu45s.jpg"},{"@type":"BreadcrumbList","@id":"https:\/\/www.gerwicon.de\/index.php\/ueber-mich\/#breadcrumb","itemListElement":[{"@type":"ListItem","position":1,"name":"Startseite","item":"https:\/\/www.gerwicon.de\/"},{"@type":"ListItem","position":2,"name":"\u00dcber mich"}]},{"@type":"WebSite","@id":"https:\/\/www.gerwicon.de\/#website","url":"https:\/\/www.gerwicon.de\/","name":"Gerwig Finanz & Controlling","description":"Finanz &amp; Controlling","publisher":{"@id":"https:\/\/www.gerwicon.de\/#organization"},"potentialAction":[{"@type":"SearchAction","target":{"@type":"EntryPoint","urlTemplate":"https:\/\/www.gerwicon.de\/?s={search_term_string}"},"query-input":{"@type":"PropertyValueSpecification","valueRequired":true,"valueName":"search_term_string"}}],"inLanguage":"de"},{"@type":"Organization","@id":"https:\/\/www.gerwicon.de\/#organization","name":"Gerwig Finanz & Controlling","url":"https:\/\/www.gerwicon.de\/","logo":{"@type":"ImageObject","inLanguage":"de","@id":"https:\/\/www.gerwicon.de\/#\/schema\/logo\/image\/","url":"https:\/\/www.gerwicon.de\/wp-content\/uploads\/2024\/10\/cropped-gerwigcon_Logo_header_4-1.png","contentUrl":"https:\/\/www.gerwicon.de\/wp-content\/uploads\/2024\/10\/cropped-gerwigcon_Logo_header_4-1.png","width":1063,"height":377,"caption":"Gerwig Finanz & Controlling"},"image":{"@id":"https:\/\/www.gerwicon.de\/#\/schema\/logo\/image\/"}}]}},"_links":{"self":[{"href":"https:\/\/www.gerwicon.de\/index.php\/wp-json\/wp\/v2\/pages\/414","targetHints":{"allow":["GET"]}}],"collection":[{"href":"https:\/\/www.gerwicon.de\/index.php\/wp-json\/wp\/v2\/pages"}],"about":[{"href":"https:\/\/www.gerwicon.de\/index.php\/wp-json\/wp\/v2\/types\/page"}],"author":[{"embeddable":true,"href":"https:\/\/www.gerwicon.de\/index.php\/wp-json\/wp\/v2\/users\/1"}],"replies":[{"embeddable":true,"href":"https:\/\/www.gerwicon.de\/index.php\/wp-json\/wp\/v2\/comments?post=414"}],"version-history":[{"count":22,"href":"https:\/\/www.gerwicon.de\/index.php\/wp-json\/wp\/v2\/pages\/414\/revisions"}],"predecessor-version":[{"id":1887,"href":"https:\/\/www.gerwicon.de\/index.php\/wp-json\/wp\/v2\/pages\/414\/revisions\/1887"}],"wp:attachment":[{"href":"https:\/\/www.gerwicon.de\/index.php\/wp-json\/wp\/v2\/media?parent=414"}],"curies":[{"name":"wp","href":"https:\/\/api.w.org\/{rel}","templated":true}]}}