{"id":460,"date":"2024-09-29T22:19:48","date_gmt":"2024-09-29T20:19:48","guid":{"rendered":"https:\/\/www.gerwicon.de\/?page_id=460"},"modified":"2024-11-30T16:59:49","modified_gmt":"2024-11-30T15:59:49","slug":"preise","status":"publish","type":"page","link":"https:\/\/www.gerwicon.de\/index.php\/preise\/","title":{"rendered":"Preise"},"content":{"rendered":"\t\t<div data-elementor-type=\"wp-page\" data-elementor-id=\"460\" class=\"elementor elementor-460\">\n\t\t\t\t<div class=\"elementor-element elementor-element-4d2fa39 e-con-full e-flex e-con e-parent\" data-id=\"4d2fa39\" data-element_type=\"container\" data-e-type=\"container\" data-settings=\"{&quot;background_background&quot;:&quot;classic&quot;}\">\n\t\t<div class=\"elementor-element elementor-element-cbdedb5 e-con-full e-flex e-con e-child\" data-id=\"cbdedb5\" data-element_type=\"container\" data-e-type=\"container\">\n\t\t\t\t<div class=\"elementor-element elementor-element-5c03c5a elementor-widget__width-initial elementor-widget elementor-widget-heading\" data-id=\"5c03c5a\" data-element_type=\"widget\" data-e-type=\"widget\" data-widget_type=\"heading.default\">\n\t\t\t\t<div class=\"elementor-widget-container\">\n\t\t\t\t\t<h1 class=\"elementor-heading-title elementor-size-default\">Preise<\/h1>\t\t\t\t<\/div>\n\t\t\t\t<\/div>\n\t\t\t\t<\/div>\n\t\t\t\t<div class=\"elementor-element elementor-element-06c57f1 elementor-widget__width-initial elementor-widget elementor-widget-heading\" data-id=\"06c57f1\" data-element_type=\"widget\" data-e-type=\"widget\" data-widget_type=\"heading.default\">\n\t\t\t\t<div class=\"elementor-widget-container\">\n\t\t\t\t\t<h2 class=\"elementor-heading-title elementor-size-default\">Pakete<\/h2>\t\t\t\t<\/div>\n\t\t\t\t<\/div>\n\t\t\t\t<div class=\"elementor-element elementor-element-9d36b3a elementor-widget__width-initial elementor-widget elementor-widget-text-editor\" data-id=\"9d36b3a\" data-element_type=\"widget\" data-e-type=\"widget\" data-widget_type=\"text-editor.default\">\n\t\t\t\t<div class=\"elementor-widget-container\">\n\t\t\t\t\t\t\t\t\t<p>Aus den Bereichen <strong>Finanzbuchhaltung<\/strong>, <strong>Digitalisierung<\/strong>, <strong>Debitoren- und Kreditorenmanagement<\/strong> sowie <strong>Controlling<\/strong> erstellen wir f\u00fcr Sie ein individuell auf Ihr Unternehmen und Ihre Bed\u00fcrfnisse abgestimmtes Leistungspaket \u2013 und das zu einer transparenten monatlichen Pauschale.<\/p>\n<p><strong>Ihre Vorteile:<\/strong><\/p>\n<ul>\n<li><strong>Kostenersparnis<\/strong>: Kombinierte Pakete sind g\u00fcnstiger als Einzelleistungen.<\/li>\n<li><strong>Planbare Ausgaben<\/strong>: Sie profitieren von konstanten monatlichen Kosten.<\/li>\n<li><strong>Effiziente Dokumentation<\/strong>: Alle Belege werden elektronisch archiviert.<\/li>\n<\/ul>\n<p>Zus\u00e4tzlich k\u00f6nnen Sie jederzeit weitere Leistungen flexibel hinzubuchen, um auf wachsende Anforderungen optimal reagieren zu k\u00f6nnen.<\/p>\t\t\t\t\t\t\t\t<\/div>\n\t\t\t\t<\/div>\n\t\t\t\t<div class=\"elementor-element elementor-element-e1f8b09 elementor-widget__width-initial elementor-widget elementor-widget-heading\" data-id=\"e1f8b09\" data-element_type=\"widget\" data-e-type=\"widget\" data-widget_type=\"heading.default\">\n\t\t\t\t<div class=\"elementor-widget-container\">\n\t\t\t\t\t<h2 class=\"elementor-heading-title elementor-size-default\">Einzelleistungen<\/h2>\t\t\t\t<\/div>\n\t\t\t\t<\/div>\n\t\t\t\t<div class=\"elementor-element elementor-element-274e4a6 elementor-widget__width-initial elementor-widget elementor-widget-text-editor\" data-id=\"274e4a6\" data-element_type=\"widget\" data-e-type=\"widget\" data-widget_type=\"text-editor.default\">\n\t\t\t\t<div class=\"elementor-widget-container\">\n\t\t\t\t\t\t\t\t\t<p>Auf Wunsch bieten wir auch eine Verrechnung nach Zeitaufwand an.\u00a0Dadurch zahlen Sie immer nur das, was Sie auch nutzen.<\/p>\t\t\t\t\t\t\t\t<\/div>\n\t\t\t\t<\/div>\n\t\t\t\t<div class=\"elementor-element elementor-element-b8aeb9a elementor-widget__width-initial elementor-widget-mobile__width-inherit elementor-widget elementor-widget-heading\" data-id=\"b8aeb9a\" data-element_type=\"widget\" data-e-type=\"widget\" data-widget_type=\"heading.default\">\n\t\t\t\t<div class=\"elementor-widget-container\">\n\t\t\t\t\t<h2 class=\"elementor-heading-title elementor-size-default\">Existenzgr\u00fcnder<\/h2>\t\t\t\t<\/div>\n\t\t\t\t<\/div>\n\t\t\t\t<div class=\"elementor-element elementor-element-03baf50 elementor-widget__width-initial elementor-widget elementor-widget-text-editor\" data-id=\"03baf50\" data-element_type=\"widget\" data-e-type=\"widget\" data-widget_type=\"text-editor.default\">\n\t\t\t\t<div class=\"elementor-widget-container\">\n\t\t\t\t\t\t\t\t\t<p>F\u00fcr Existenzgr\u00fcnder bieten wir besonders g\u00fcnstige Konditionen in den ersten 12 Monaten nach der Gr\u00fcndung an.<\/p>\t\t\t\t\t\t\t\t<\/div>\n\t\t\t\t<\/div>\n\t\t\t\t<\/div>\n\t\t<div class=\"elementor-element elementor-element-5cdabdd e-grid e-con-boxed e-con e-parent\" data-id=\"5cdabdd\" data-element_type=\"container\" data-e-type=\"container\" data-settings=\"{&quot;background_background&quot;:&quot;gradient&quot;}\">\n\t\t\t\t\t<div class=\"e-con-inner\">\n\t\t\t\t<div class=\"elementor-element elementor-element-13222353 elementor-widget elementor-widget-text-editor\" data-id=\"13222353\" data-element_type=\"widget\" data-e-type=\"widget\" data-widget_type=\"text-editor.default\">\n\t\t\t\t<div class=\"elementor-widget-container\">\n\t\t\t\t\t\t\t\t\t<p style=\"text-align: center;\"><span style=\"color: #ffffff;\"><a style=\"color: #ffffff;\" title=\"Impressum\" href=\"https:\/\/www.gerwicon.de\/index.php\/impressum\/\">Impressum<\/a><\/span><\/p>\t\t\t\t\t\t\t\t<\/div>\n\t\t\t\t<\/div>\n\t\t\t\t<div class=\"elementor-element elementor-element-67524296 elementor-widget elementor-widget-text-editor\" data-id=\"67524296\" data-element_type=\"widget\" data-e-type=\"widget\" data-widget_type=\"text-editor.default\">\n\t\t\t\t<div class=\"elementor-widget-container\">\n\t\t\t\t\t\t\t\t\t<p style=\"text-align: center;\"><a title=\"Datenschutzerkl\u00e4rung\" href=\"https:\/\/www.gerwicon.de\/index.php\/datenschutzerklaerung\/\"><span style=\"color: #ffffff;\">Datenschutzerkl\u00e4rung<\/span><\/a><\/p>\t\t\t\t\t\t\t\t<\/div>\n\t\t\t\t<\/div>\n\t\t\t\t\t<\/div>\n\t\t\t\t<\/div>\n\t\t\t\t<\/div>\n\t\t","protected":false},"excerpt":{"rendered":"<p>Preise Pakete Aus den Bereichen Finanzbuchhaltung, Digitalisierung, Debitoren- und Kreditorenmanagement sowie Controlling erstellen wir f\u00fcr Sie ein individuell auf Ihr [&hellip;]<\/p>\n","protected":false},"author":1,"featured_media":0,"parent":0,"menu_order":0,"comment_status":"closed","ping_status":"closed","template":"","meta":{"_monsterinsights_skip_tracking":false,"_monsterinsights_sitenote_active":false,"_monsterinsights_sitenote_note":"","_monsterinsights_sitenote_category":0,"site-sidebar-layout":"default","site-content-layout":"","ast-site-content-layout":"","site-content-style":"default","site-sidebar-style":"default","ast-global-header-display":"","ast-banner-title-visibility":"","ast-main-header-display":"","ast-hfb-above-header-display":"","ast-hfb-below-header-display":"","ast-hfb-mobile-header-display":"","site-post-title":"","ast-breadcrumbs-content":"","ast-featured-img":"","footer-sml-layout":"","theme-transparent-header-meta":"","adv-header-id-meta":"","stick-header-meta":"","header-above-stick-meta":"","header-main-stick-meta":"","header-below-stick-meta":"","astra-migrate-meta-layouts":"default","ast-page-background-enabled":"default","ast-page-background-meta":{"desktop":{"background-color":"var(--ast-global-color-4)","background-image":"","background-repeat":"repeat","background-position":"center center","background-size":"auto","background-attachment":"scroll","background-type":"","background-media":"","overlay-type":"","overlay-color":"","overlay-opacity":"","overlay-gradient":""},"tablet":{"background-color":"","background-image":"","background-repeat":"repeat","background-position":"center center","background-size":"auto","background-attachment":"scroll","background-type":"","background-media":"","overlay-type":"","overlay-color":"","overlay-opacity":"","overlay-gradient":""},"mobile":{"background-color":"","background-image":"","background-repeat":"repeat","background-position":"center center","background-size":"auto","background-attachment":"scroll","background-type":"","background-media":"","overlay-type":"","overlay-color":"","overlay-opacity":"","overlay-gradient":""}},"ast-content-background-meta":{"desktop":{"background-color":"var(--ast-global-color-5)","background-image":"","background-repeat":"repeat","background-position":"center center","background-size":"auto","background-attachment":"scroll","background-type":"","background-media":"","overlay-type":"","overlay-color":"","overlay-opacity":"","overlay-gradient":""},"tablet":{"background-color":"var(--ast-global-color-5)","background-image":"","background-repeat":"repeat","background-position":"center center","background-size":"auto","background-attachment":"scroll","background-type":"","background-media":"","overlay-type":"","overlay-color":"","overlay-opacity":"","overlay-gradient":""},"mobile":{"background-color":"var(--ast-global-color-5)","background-image":"","background-repeat":"repeat","background-position":"center center","background-size":"auto","background-attachment":"scroll","background-type":"","background-media":"","overlay-type":"","overlay-color":"","overlay-opacity":"","overlay-gradient":""}},"footnotes":""},"class_list":["post-460","page","type-page","status-publish","hentry"],"yoast_head":"<!-- This site is optimized with the Yoast SEO plugin v27.5 - https:\/\/yoast.com\/product\/yoast-seo-wordpress\/ -->\n<title>Preise - Gerwig<\/title>\n<meta name=\"robots\" content=\"index, follow, max-snippet:-1, max-image-preview:large, max-video-preview:-1\" \/>\n<link rel=\"canonical\" href=\"https:\/\/www.gerwicon.de\/index.php\/preise\/\" \/>\n<meta property=\"og:locale\" content=\"de_DE\" \/>\n<meta property=\"og:type\" content=\"article\" \/>\n<meta property=\"og:title\" content=\"Preise - Gerwig\" \/>\n<meta property=\"og:description\" content=\"Preise Pakete Aus den Bereichen Finanzbuchhaltung, Digitalisierung, Debitoren- und Kreditorenmanagement sowie Controlling erstellen wir f\u00fcr Sie ein individuell auf Ihr [&hellip;]\" \/>\n<meta property=\"og:url\" content=\"https:\/\/www.gerwicon.de\/index.php\/preise\/\" \/>\n<meta property=\"og:site_name\" content=\"Gerwig\" \/>\n<meta property=\"article:modified_time\" content=\"2024-11-30T15:59:49+00:00\" \/>\n<meta name=\"twitter:card\" content=\"summary_large_image\" \/>\n<meta name=\"twitter:label1\" content=\"Gesch\u00e4tzte Lesezeit\" \/>\n\t<meta name=\"twitter:data1\" content=\"1\u00a0Minute\" \/>\n<script type=\"application\/ld+json\" class=\"yoast-schema-graph\">{\"@context\":\"https:\\\/\\\/schema.org\",\"@graph\":[{\"@type\":\"WebPage\",\"@id\":\"https:\\\/\\\/www.gerwicon.de\\\/index.php\\\/preise\\\/\",\"url\":\"https:\\\/\\\/www.gerwicon.de\\\/index.php\\\/preise\\\/\",\"name\":\"Preise - Gerwig\",\"isPartOf\":{\"@id\":\"https:\\\/\\\/www.gerwicon.de\\\/#website\"},\"datePublished\":\"2024-09-29T20:19:48+00:00\",\"dateModified\":\"2024-11-30T15:59:49+00:00\",\"breadcrumb\":{\"@id\":\"https:\\\/\\\/www.gerwicon.de\\\/index.php\\\/preise\\\/#breadcrumb\"},\"inLanguage\":\"de\",\"potentialAction\":[{\"@type\":\"ReadAction\",\"target\":[\"https:\\\/\\\/www.gerwicon.de\\\/index.php\\\/preise\\\/\"]}]},{\"@type\":\"BreadcrumbList\",\"@id\":\"https:\\\/\\\/www.gerwicon.de\\\/index.php\\\/preise\\\/#breadcrumb\",\"itemListElement\":[{\"@type\":\"ListItem\",\"position\":1,\"name\":\"Startseite\",\"item\":\"https:\\\/\\\/www.gerwicon.de\\\/\"},{\"@type\":\"ListItem\",\"position\":2,\"name\":\"Preise\"}]},{\"@type\":\"WebSite\",\"@id\":\"https:\\\/\\\/www.gerwicon.de\\\/#website\",\"url\":\"https:\\\/\\\/www.gerwicon.de\\\/\",\"name\":\"Gerwig Finanz & Controlling\",\"description\":\"Finanz &amp; Controlling\",\"publisher\":{\"@id\":\"https:\\\/\\\/www.gerwicon.de\\\/#organization\"},\"potentialAction\":[{\"@type\":\"SearchAction\",\"target\":{\"@type\":\"EntryPoint\",\"urlTemplate\":\"https:\\\/\\\/www.gerwicon.de\\\/?s={search_term_string}\"},\"query-input\":{\"@type\":\"PropertyValueSpecification\",\"valueRequired\":true,\"valueName\":\"search_term_string\"}}],\"inLanguage\":\"de\"},{\"@type\":\"Organization\",\"@id\":\"https:\\\/\\\/www.gerwicon.de\\\/#organization\",\"name\":\"Gerwig Finanz & Controlling\",\"url\":\"https:\\\/\\\/www.gerwicon.de\\\/\",\"logo\":{\"@type\":\"ImageObject\",\"inLanguage\":\"de\",\"@id\":\"https:\\\/\\\/www.gerwicon.de\\\/#\\\/schema\\\/logo\\\/image\\\/\",\"url\":\"https:\\\/\\\/www.gerwicon.de\\\/wp-content\\\/uploads\\\/2024\\\/10\\\/cropped-gerwigcon_Logo_header_4-1.png\",\"contentUrl\":\"https:\\\/\\\/www.gerwicon.de\\\/wp-content\\\/uploads\\\/2024\\\/10\\\/cropped-gerwigcon_Logo_header_4-1.png\",\"width\":1063,\"height\":377,\"caption\":\"Gerwig Finanz & Controlling\"},\"image\":{\"@id\":\"https:\\\/\\\/www.gerwicon.de\\\/#\\\/schema\\\/logo\\\/image\\\/\"}}]}<\/script>\n<!-- \/ Yoast SEO plugin. -->","yoast_head_json":{"title":"Preise - Gerwig","robots":{"index":"index","follow":"follow","max-snippet":"max-snippet:-1","max-image-preview":"max-image-preview:large","max-video-preview":"max-video-preview:-1"},"canonical":"https:\/\/www.gerwicon.de\/index.php\/preise\/","og_locale":"de_DE","og_type":"article","og_title":"Preise - Gerwig","og_description":"Preise Pakete Aus den Bereichen Finanzbuchhaltung, Digitalisierung, Debitoren- und Kreditorenmanagement sowie Controlling erstellen wir f\u00fcr Sie ein individuell auf Ihr [&hellip;]","og_url":"https:\/\/www.gerwicon.de\/index.php\/preise\/","og_site_name":"Gerwig","article_modified_time":"2024-11-30T15:59:49+00:00","twitter_card":"summary_large_image","twitter_misc":{"Gesch\u00e4tzte Lesezeit":"1\u00a0Minute"},"schema":{"@context":"https:\/\/schema.org","@graph":[{"@type":"WebPage","@id":"https:\/\/www.gerwicon.de\/index.php\/preise\/","url":"https:\/\/www.gerwicon.de\/index.php\/preise\/","name":"Preise - Gerwig","isPartOf":{"@id":"https:\/\/www.gerwicon.de\/#website"},"datePublished":"2024-09-29T20:19:48+00:00","dateModified":"2024-11-30T15:59:49+00:00","breadcrumb":{"@id":"https:\/\/www.gerwicon.de\/index.php\/preise\/#breadcrumb"},"inLanguage":"de","potentialAction":[{"@type":"ReadAction","target":["https:\/\/www.gerwicon.de\/index.php\/preise\/"]}]},{"@type":"BreadcrumbList","@id":"https:\/\/www.gerwicon.de\/index.php\/preise\/#breadcrumb","itemListElement":[{"@type":"ListItem","position":1,"name":"Startseite","item":"https:\/\/www.gerwicon.de\/"},{"@type":"ListItem","position":2,"name":"Preise"}]},{"@type":"WebSite","@id":"https:\/\/www.gerwicon.de\/#website","url":"https:\/\/www.gerwicon.de\/","name":"Gerwig Finanz & Controlling","description":"Finanz &amp; Controlling","publisher":{"@id":"https:\/\/www.gerwicon.de\/#organization"},"potentialAction":[{"@type":"SearchAction","target":{"@type":"EntryPoint","urlTemplate":"https:\/\/www.gerwicon.de\/?s={search_term_string}"},"query-input":{"@type":"PropertyValueSpecification","valueRequired":true,"valueName":"search_term_string"}}],"inLanguage":"de"},{"@type":"Organization","@id":"https:\/\/www.gerwicon.de\/#organization","name":"Gerwig Finanz & Controlling","url":"https:\/\/www.gerwicon.de\/","logo":{"@type":"ImageObject","inLanguage":"de","@id":"https:\/\/www.gerwicon.de\/#\/schema\/logo\/image\/","url":"https:\/\/www.gerwicon.de\/wp-content\/uploads\/2024\/10\/cropped-gerwigcon_Logo_header_4-1.png","contentUrl":"https:\/\/www.gerwicon.de\/wp-content\/uploads\/2024\/10\/cropped-gerwigcon_Logo_header_4-1.png","width":1063,"height":377,"caption":"Gerwig Finanz & Controlling"},"image":{"@id":"https:\/\/www.gerwicon.de\/#\/schema\/logo\/image\/"}}]}},"_links":{"self":[{"href":"https:\/\/www.gerwicon.de\/index.php\/wp-json\/wp\/v2\/pages\/460","targetHints":{"allow":["GET"]}}],"collection":[{"href":"https:\/\/www.gerwicon.de\/index.php\/wp-json\/wp\/v2\/pages"}],"about":[{"href":"https:\/\/www.gerwicon.de\/index.php\/wp-json\/wp\/v2\/types\/page"}],"author":[{"embeddable":true,"href":"https:\/\/www.gerwicon.de\/index.php\/wp-json\/wp\/v2\/users\/1"}],"replies":[{"embeddable":true,"href":"https:\/\/www.gerwicon.de\/index.php\/wp-json\/wp\/v2\/comments?post=460"}],"version-history":[{"count":6,"href":"https:\/\/www.gerwicon.de\/index.php\/wp-json\/wp\/v2\/pages\/460\/revisions"}],"predecessor-version":[{"id":1881,"href":"https:\/\/www.gerwicon.de\/index.php\/wp-json\/wp\/v2\/pages\/460\/revisions\/1881"}],"wp:attachment":[{"href":"https:\/\/www.gerwicon.de\/index.php\/wp-json\/wp\/v2\/media?parent=460"}],"curies":[{"name":"wp","href":"https:\/\/api.w.org\/{rel}","templated":true}]}}