{"id":520,"date":"2024-10-01T17:20:39","date_gmt":"2024-10-01T15:20:39","guid":{"rendered":"https:\/\/www.gerwicon.de\/?page_id=520"},"modified":"2024-12-04T10:45:33","modified_gmt":"2024-12-04T09:45:33","slug":"leistungen","status":"publish","type":"page","link":"https:\/\/www.gerwicon.de\/index.php\/leistungen\/","title":{"rendered":"Leistungen"},"content":{"rendered":"\t\t<div data-elementor-type=\"wp-page\" data-elementor-id=\"520\" class=\"elementor elementor-520\">\n\t\t\t\t<div class=\"elementor-element elementor-element-885e436 e-con-full e-flex e-con e-parent\" data-id=\"885e436\" data-element_type=\"container\" data-e-type=\"container\" data-settings=\"{&quot;background_background&quot;:&quot;classic&quot;}\">\n\t\t<div class=\"elementor-element elementor-element-67ace2a e-con-full e-flex e-con e-child\" data-id=\"67ace2a\" data-element_type=\"container\" data-e-type=\"container\">\n\t\t\t\t<div class=\"elementor-element elementor-element-8873924 elementor-widget__width-initial elementor-widget elementor-widget-heading\" data-id=\"8873924\" data-element_type=\"widget\" data-e-type=\"widget\" data-widget_type=\"heading.default\">\n\t\t\t\t<div class=\"elementor-widget-container\">\n\t\t\t\t\t<h1 class=\"elementor-heading-title elementor-size-default\">Leistungsportfolio<\/h1>\t\t\t\t<\/div>\n\t\t\t\t<\/div>\n\t\t\t\t<div class=\"elementor-element elementor-element-1920bc3 elementor-widget elementor-widget-text-editor\" data-id=\"1920bc3\" data-element_type=\"widget\" data-e-type=\"widget\" data-widget_type=\"text-editor.default\">\n\t\t\t\t<div class=\"elementor-widget-container\">\n\t\t\t\t\t\t\t\t\t<p style=\"text-align: left;\">nach den gesetzlichen Bestimmungen des Steuerberatergesetzes (\u00a7 6 Nr. 3 und 4)*<\/p>\t\t\t\t\t\t\t\t<\/div>\n\t\t\t\t<\/div>\n\t\t\t\t<\/div>\n\t\t\t\t<div class=\"elementor-element elementor-element-7ce8f84 elementor-widget__width-initial elementor-widget elementor-widget-heading\" data-id=\"7ce8f84\" data-element_type=\"widget\" data-e-type=\"widget\" id=\"Finanzbuchhaltung\" data-widget_type=\"heading.default\">\n\t\t\t\t<div class=\"elementor-widget-container\">\n\t\t\t\t\t<h2 class=\"elementor-heading-title elementor-size-default\">Finanzbuchhaltung                                             \n<\/h2>\t\t\t\t<\/div>\n\t\t\t\t<\/div>\n\t\t\t\t<div class=\"elementor-element elementor-element-34caa6d elementor-widget__width-initial elementor-widget elementor-widget-text-editor\" data-id=\"34caa6d\" data-element_type=\"widget\" data-e-type=\"widget\" data-widget_type=\"text-editor.default\">\n\t\t\t\t<div class=\"elementor-widget-container\">\n\t\t\t\t\t\t\t\t\t<p>Buchen laufender Gesch\u00e4ftsvorf\u00e4lle:<\/p><ul><li><p>Sortieren, Kontieren und Erfassen der Buchhaltungsunterlagen<\/p><\/li><li>Verbuchung von Kontoausz\u00fcgen<\/li><li>Verbuchung von Barbelegen<\/li><li>Verbuchung von Ein- und Ausgangsrechnungen<\/li><li>betriebswirtschaftliche Auswertungen\u00a0<\/li><li>Summen- und Saldenlisten<\/li><li>\u00dcbertragung der Buchungsdaten an Steuerberater<\/li><\/ul>\t\t\t\t\t\t\t\t<\/div>\n\t\t\t\t<\/div>\n\t\t\t\t<div class=\"elementor-element elementor-element-568dc76 elementor-widget__width-initial elementor-widget elementor-widget-heading\" data-id=\"568dc76\" data-element_type=\"widget\" data-e-type=\"widget\" data-widget_type=\"heading.default\">\n\t\t\t\t<div class=\"elementor-widget-container\">\n\t\t\t\t\t<h2 class=\"elementor-heading-title elementor-size-default\">Debitoren- und Kreditorenmanagement<\/h2>\t\t\t\t<\/div>\n\t\t\t\t<\/div>\n\t\t\t\t<div class=\"elementor-element elementor-element-0a2590d elementor-widget__width-initial elementor-widget elementor-widget-text-editor\" data-id=\"0a2590d\" data-element_type=\"widget\" data-e-type=\"widget\" data-widget_type=\"text-editor.default\">\n\t\t\t\t<div class=\"elementor-widget-container\">\n\t\t\t\t\t\t\t\t\t<ul><li>Kundenangebots- und Auftragsmanagement<\/li><li>Einlesen von Lieferanten E-Rechnungen<\/li><li>Ausstellen von Kunden E-Rechnungen<\/li><li>Laufende \u00dcberwachung der Aussenst\u00e4nde<\/li><li>Liquidit\u00e4tsplanung und -\u00fcberwachung<\/li><li>Zusammenstellung von offenen Posten<\/li><li>Mahnwesen<\/li><li>Einholen von Bonit\u00e4tsausk\u00fcnften<\/li><li>Fakturierung Ihrer Ausgangsrechnungen<\/li><\/ul>\t\t\t\t\t\t\t\t<\/div>\n\t\t\t\t<\/div>\n\t\t\t\t<div class=\"elementor-element elementor-element-9407deb elementor-widget__width-initial elementor-widget elementor-widget-heading\" data-id=\"9407deb\" data-element_type=\"widget\" data-e-type=\"widget\" id=\"Controlling\" data-widget_type=\"heading.default\">\n\t\t\t\t<div class=\"elementor-widget-container\">\n\t\t\t\t\t<h2 class=\"elementor-heading-title elementor-size-default\">Controlling<\/h2>\t\t\t\t<\/div>\n\t\t\t\t<\/div>\n\t\t\t\t<div class=\"elementor-element elementor-element-1e24baa elementor-widget__width-initial elementor-widget elementor-widget-text-editor\" data-id=\"1e24baa\" data-element_type=\"widget\" data-e-type=\"widget\" data-widget_type=\"text-editor.default\">\n\t\t\t\t<div class=\"elementor-widget-container\">\n\t\t\t\t\t\t\t\t\t<ul><li><p>Monatliche \u00dcberschussreports<\/p><\/li><li>Abweichungsanalysen<\/li><li>J\u00e4hrliche Budgets<\/li><li>Deckungsbeitragsrechnung<\/li><li>Artikelerfolgsrechnungen<\/li><li>Margenverfolgung<\/li><li>Produktkalkulationen<\/li><li>Kostenstellenrechnung<\/li><li>Make or Buy Analysen<\/li><li>Working Capital Reports<\/li><li>Cash Flow Reports<\/li><li>Liquidit\u00e4tsplanung<\/li><li>Mittel- und Langfristplanungen<\/li><li>Entwicklung von Unternehmensstrategien<\/li><li>Ansprechpartner f\u00fcr betriebswirtschaftliche Fragestellungen<\/li><li>Investitionsbegleitung<\/li><\/ul>\t\t\t\t\t\t\t\t<\/div>\n\t\t\t\t<\/div>\n\t\t\t\t<div class=\"elementor-element elementor-element-e8fec39 elementor-widget__width-initial elementor-widget elementor-widget-heading\" data-id=\"e8fec39\" data-element_type=\"widget\" data-e-type=\"widget\" id=\"Digitalisierung\" data-widget_type=\"heading.default\">\n\t\t\t\t<div class=\"elementor-widget-container\">\n\t\t\t\t\t<h2 class=\"elementor-heading-title elementor-size-default\">Digitalisierung<\/h2>\t\t\t\t<\/div>\n\t\t\t\t<\/div>\n\t\t\t\t<div class=\"elementor-element elementor-element-ce610ff elementor-widget__width-initial elementor-widget elementor-widget-text-editor\" data-id=\"ce610ff\" data-element_type=\"widget\" data-e-type=\"widget\" data-widget_type=\"text-editor.default\">\n\t\t\t\t<div class=\"elementor-widget-container\">\n\t\t\t\t\t\t\t\t\t<ul><li><p>Digitalisierung s\u00e4mtlicher Dokumente<\/p><\/li><li>Speicherung der Dokumente in der Cloud<\/li><li>Verarbeiten von E-Rechnungen<\/li><li>Archivierung s\u00e4mtlicher Belege in elektronischer Form<\/li><li>Cloudspeicher f\u00fcr Ihr Unternehmen<\/li><li>Dokumentenmanagementsystem f\u00fcr Ihr Unternehmen<\/li><li>Bereitstellung von diversen Auswertungen auf Archiv CDs oder USB-Sticks<\/li><\/ul>\t\t\t\t\t\t\t\t<\/div>\n\t\t\t\t<\/div>\n\t\t\t\t<div class=\"elementor-element elementor-element-53400ee elementor-widget__width-initial elementor-widget elementor-widget-heading\" data-id=\"53400ee\" data-element_type=\"widget\" data-e-type=\"widget\" data-widget_type=\"heading.default\">\n\t\t\t\t<div class=\"elementor-widget-container\">\n\t\t\t\t\t<h2 class=\"elementor-heading-title elementor-size-default\">Interimsbuchhaltung<\/h2>\t\t\t\t<\/div>\n\t\t\t\t<\/div>\n\t\t\t\t<div class=\"elementor-element elementor-element-c31466d elementor-widget__width-initial elementor-widget elementor-widget-text-editor\" data-id=\"c31466d\" data-element_type=\"widget\" data-e-type=\"widget\" data-widget_type=\"text-editor.default\">\n\t\t\t\t<div class=\"elementor-widget-container\">\n\t\t\t\t\t\t\t\t\t<p>Sie haben zeitlich befristet Bedarf an zus\u00e4tzlichen Ressourcen in der Buchhaltung? Kein Problem &#8211; Wir helfen Ihnen, diese L\u00fccke zu schlie\u00dfen<\/p>\t\t\t\t\t\t\t\t<\/div>\n\t\t\t\t<\/div>\n\t\t\t\t<\/div>\n\t\t<div class=\"elementor-element elementor-element-0f38b26 e-flex e-con-boxed e-con e-parent\" data-id=\"0f38b26\" data-element_type=\"container\" data-e-type=\"container\" data-settings=\"{&quot;background_background&quot;:&quot;gradient&quot;}\">\n\t\t\t\t\t<div class=\"e-con-inner\">\n\t\t\t\t<div class=\"elementor-element elementor-element-a8ccac4 elementor-widget elementor-widget-text-editor\" data-id=\"a8ccac4\" data-element_type=\"widget\" data-e-type=\"widget\" data-widget_type=\"text-editor.default\">\n\t\t\t\t<div class=\"elementor-widget-container\">\n\t\t\t\t\t\t\t\t\t<p>Nach \u00a7 6 Nr. 3+4 StBerG sind wir nicht zur Erstellung Ihrer Umsatzsteuervoranmeldungen berechtigt. Wir bereiten die Anmeldung vor und Sie senden die Anmeldung an Ihr Finanzamt. Ihre Steuern werden weiterhin von Ihrem Steuerberater bearbeitet.\u00a0 Wir d\u00fcrfen keine steuerlichen Beratungen anbieten und keine Jahresabschl\u00fcsse erstellen. Wir arbeiten Ihrem Steuerberater zu und k\u00f6nnen dadurch Ihre Steuerberatungskosten senken.\u00a0<\/p>\t\t\t\t\t\t\t\t<\/div>\n\t\t\t\t<\/div>\n\t\t\t\t<div class=\"elementor-element elementor-element-e0e5900 elementor-widget elementor-widget-text-editor\" data-id=\"e0e5900\" data-element_type=\"widget\" data-e-type=\"widget\" data-widget_type=\"text-editor.default\">\n\t\t\t\t<div class=\"elementor-widget-container\">\n\t\t\t\t\t\t\t\t\t<div class=\"jnheader\"><h4>*Steuerberatungsgesetz (StBerG)<br \/><span class=\"jnenbez\">\u00a7 6<\/span>\u00a0<span class=\"jnentitel\">Ausnahmen vom Verbot der unbefugten Hilfeleistung in Steuersachen<\/span><\/h4><\/div><div><div class=\"jnhtml\"><div><p>Das Verbot des \u00a7 5 gilt nicht f\u00fcr<\/p><dl><dt>1.\u00a0die Erstattung wissenschaftlich begr\u00fcndeter Gutachten,<\/dt><dt>2.\u00a0die unentgeltliche Hilfeleistung in Steuersachen f\u00fcr Angeh\u00f6rige im Sinne des \u00a7 15 der Abgabenordnung,<\/dt><dt>3.\u00a0die Durchf\u00fchrung mechanischer Arbeitsg\u00e4nge bei der F\u00fchrung von B\u00fcchern und Aufzeichnungen, die f\u00fcr die Besteuerung von Bedeutung sind;\u00a0 hierzu geh\u00f6ren nicht das Kontieren von Belegen und das Erteilen von Buchungsanweisungen,<\/dt><dt>4.\u00a0das Buchen laufender Gesch\u00e4ftsvorf\u00e4lle, die laufende Lohnabrechnung und das Fertigen der Lohnsteuer-Anmeldungen, soweit diese T\u00e4tigkeiten verantwortlich durch Personen erbracht werden, die nach Bestehen der Abschlu\u00dfpr\u00fcfung in einem kaufm\u00e4nnischen Ausbildungsberuf oder nach Erwerb einer gleichwertigen Vorbildung mindestens drei Jahre auf dem Gebiet des Buchhaltungswesens in einem Umfang von mindestens 16 Wochenstunden praktisch t\u00e4tig gewesen sind.<\/dt><\/dl><\/div><\/div><\/div>\t\t\t\t\t\t\t\t<\/div>\n\t\t\t\t<\/div>\n\t\t\t\t\t<\/div>\n\t\t\t\t<\/div>\n\t\t<div class=\"elementor-element elementor-element-7f54694b e-grid e-con-boxed e-con e-parent\" data-id=\"7f54694b\" data-element_type=\"container\" data-e-type=\"container\" data-settings=\"{&quot;background_background&quot;:&quot;classic&quot;}\">\n\t\t\t\t\t<div class=\"e-con-inner\">\n\t\t\t\t<div class=\"elementor-element elementor-element-75bc54ac elementor-widget elementor-widget-text-editor\" data-id=\"75bc54ac\" data-element_type=\"widget\" data-e-type=\"widget\" data-widget_type=\"text-editor.default\">\n\t\t\t\t<div class=\"elementor-widget-container\">\n\t\t\t\t\t\t\t\t\t<p style=\"text-align: center;\"><span style=\"color: #ffffff;\"><a style=\"color: #ffffff;\" title=\"Impressum\" href=\"https:\/\/www.gerwicon.de\/index.php\/impressum\/\">Impressum<\/a><\/span><\/p>\t\t\t\t\t\t\t\t<\/div>\n\t\t\t\t<\/div>\n\t\t\t\t<div class=\"elementor-element elementor-element-5a85904c elementor-widget elementor-widget-text-editor\" data-id=\"5a85904c\" data-element_type=\"widget\" data-e-type=\"widget\" data-widget_type=\"text-editor.default\">\n\t\t\t\t<div class=\"elementor-widget-container\">\n\t\t\t\t\t\t\t\t\t<p style=\"text-align: center;\"><a title=\"Datenschutzerkl\u00e4rung\" href=\"https:\/\/www.gerwicon.de\/index.php\/datenschutzerklaerung\/\"><span style=\"color: #ffffff;\">Datenschutzerkl\u00e4rung<\/span><\/a><\/p>\t\t\t\t\t\t\t\t<\/div>\n\t\t\t\t<\/div>\n\t\t\t\t\t<\/div>\n\t\t\t\t<\/div>\n\t\t\t\t<\/div>\n\t\t","protected":false},"excerpt":{"rendered":"<p>Leistungsportfolio nach den gesetzlichen Bestimmungen des Steuerberatergesetzes (\u00a7 6 Nr. 3 und 4)* Finanzbuchhaltung Buchen laufender Gesch\u00e4ftsvorf\u00e4lle: Sortieren, Kontieren und [&hellip;]<\/p>\n","protected":false},"author":1,"featured_media":0,"parent":0,"menu_order":0,"comment_status":"closed","ping_status":"closed","template":"","meta":{"_monsterinsights_skip_tracking":false,"_monsterinsights_sitenote_active":false,"_monsterinsights_sitenote_note":"","_monsterinsights_sitenote_category":0,"site-sidebar-layout":"no-sidebar","site-content-layout":"","ast-site-content-layout":"full-width-container","site-content-style":"default","site-sidebar-style":"default","ast-global-header-display":"","ast-banner-title-visibility":"","ast-main-header-display":"","ast-hfb-above-header-display":"","ast-hfb-below-header-display":"","ast-hfb-mobile-header-display":"","site-post-title":"disabled","ast-breadcrumbs-content":"","ast-featured-img":"disabled","footer-sml-layout":"","theme-transparent-header-meta":"","adv-header-id-meta":"","stick-header-meta":"","header-above-stick-meta":"","header-main-stick-meta":"","header-below-stick-meta":"","astra-migrate-meta-layouts":"default","ast-page-background-enabled":"default","ast-page-background-meta":{"desktop":{"background-color":"var(--ast-global-color-4)","background-image":"","background-repeat":"repeat","background-position":"center center","background-size":"auto","background-attachment":"scroll","background-type":"","background-media":"","overlay-type":"","overlay-color":"","overlay-opacity":"","overlay-gradient":""},"tablet":{"background-color":"","background-image":"","background-repeat":"repeat","background-position":"center center","background-size":"auto","background-attachment":"scroll","background-type":"","background-media":"","overlay-type":"","overlay-color":"","overlay-opacity":"","overlay-gradient":""},"mobile":{"background-color":"","background-image":"","background-repeat":"repeat","background-position":"center center","background-size":"auto","background-attachment":"scroll","background-type":"","background-media":"","overlay-type":"","overlay-color":"","overlay-opacity":"","overlay-gradient":""}},"ast-content-background-meta":{"desktop":{"background-color":"var(--ast-global-color-5)","background-image":"","background-repeat":"repeat","background-position":"center center","background-size":"auto","background-attachment":"scroll","background-type":"","background-media":"","overlay-type":"","overlay-color":"","overlay-opacity":"","overlay-gradient":""},"tablet":{"background-color":"var(--ast-global-color-5)","background-image":"","background-repeat":"repeat","background-position":"center center","background-size":"auto","background-attachment":"scroll","background-type":"","background-media":"","overlay-type":"","overlay-color":"","overlay-opacity":"","overlay-gradient":""},"mobile":{"background-color":"var(--ast-global-color-5)","background-image":"","background-repeat":"repeat","background-position":"center center","background-size":"auto","background-attachment":"scroll","background-type":"","background-media":"","overlay-type":"","overlay-color":"","overlay-opacity":"","overlay-gradient":""}},"footnotes":""},"class_list":["post-520","page","type-page","status-publish","hentry"],"yoast_head":"<!-- This site is optimized with the Yoast SEO plugin v27.5 - https:\/\/yoast.com\/product\/yoast-seo-wordpress\/ -->\n<title>Leistungen - Gerwig<\/title>\n<meta name=\"robots\" content=\"index, follow, max-snippet:-1, max-image-preview:large, max-video-preview:-1\" \/>\n<link rel=\"canonical\" href=\"https:\/\/www.gerwicon.de\/index.php\/leistungen\/\" \/>\n<meta property=\"og:locale\" content=\"de_DE\" \/>\n<meta property=\"og:type\" content=\"article\" \/>\n<meta property=\"og:title\" content=\"Leistungen - Gerwig\" \/>\n<meta property=\"og:description\" content=\"Leistungsportfolio nach den gesetzlichen Bestimmungen des Steuerberatergesetzes (\u00a7 6 Nr. 3 und 4)* Finanzbuchhaltung Buchen laufender Gesch\u00e4ftsvorf\u00e4lle: Sortieren, Kontieren und [&hellip;]\" \/>\n<meta property=\"og:url\" content=\"https:\/\/www.gerwicon.de\/index.php\/leistungen\/\" \/>\n<meta property=\"og:site_name\" content=\"Gerwig\" \/>\n<meta property=\"article:modified_time\" content=\"2024-12-04T09:45:33+00:00\" \/>\n<meta name=\"twitter:card\" content=\"summary_large_image\" \/>\n<meta name=\"twitter:label1\" content=\"Gesch\u00e4tzte Lesezeit\" \/>\n\t<meta name=\"twitter:data1\" content=\"2\u00a0Minuten\" \/>\n<script type=\"application\/ld+json\" class=\"yoast-schema-graph\">{\"@context\":\"https:\\\/\\\/schema.org\",\"@graph\":[{\"@type\":\"WebPage\",\"@id\":\"https:\\\/\\\/www.gerwicon.de\\\/index.php\\\/leistungen\\\/\",\"url\":\"https:\\\/\\\/www.gerwicon.de\\\/index.php\\\/leistungen\\\/\",\"name\":\"Leistungen - Gerwig\",\"isPartOf\":{\"@id\":\"https:\\\/\\\/www.gerwicon.de\\\/#website\"},\"datePublished\":\"2024-10-01T15:20:39+00:00\",\"dateModified\":\"2024-12-04T09:45:33+00:00\",\"breadcrumb\":{\"@id\":\"https:\\\/\\\/www.gerwicon.de\\\/index.php\\\/leistungen\\\/#breadcrumb\"},\"inLanguage\":\"de\",\"potentialAction\":[{\"@type\":\"ReadAction\",\"target\":[\"https:\\\/\\\/www.gerwicon.de\\\/index.php\\\/leistungen\\\/\"]}]},{\"@type\":\"BreadcrumbList\",\"@id\":\"https:\\\/\\\/www.gerwicon.de\\\/index.php\\\/leistungen\\\/#breadcrumb\",\"itemListElement\":[{\"@type\":\"ListItem\",\"position\":1,\"name\":\"Startseite\",\"item\":\"https:\\\/\\\/www.gerwicon.de\\\/\"},{\"@type\":\"ListItem\",\"position\":2,\"name\":\"Leistungen\"}]},{\"@type\":\"WebSite\",\"@id\":\"https:\\\/\\\/www.gerwicon.de\\\/#website\",\"url\":\"https:\\\/\\\/www.gerwicon.de\\\/\",\"name\":\"Gerwig Finanz & Controlling\",\"description\":\"Finanz &amp; Controlling\",\"publisher\":{\"@id\":\"https:\\\/\\\/www.gerwicon.de\\\/#organization\"},\"potentialAction\":[{\"@type\":\"SearchAction\",\"target\":{\"@type\":\"EntryPoint\",\"urlTemplate\":\"https:\\\/\\\/www.gerwicon.de\\\/?s={search_term_string}\"},\"query-input\":{\"@type\":\"PropertyValueSpecification\",\"valueRequired\":true,\"valueName\":\"search_term_string\"}}],\"inLanguage\":\"de\"},{\"@type\":\"Organization\",\"@id\":\"https:\\\/\\\/www.gerwicon.de\\\/#organization\",\"name\":\"Gerwig Finanz & Controlling\",\"url\":\"https:\\\/\\\/www.gerwicon.de\\\/\",\"logo\":{\"@type\":\"ImageObject\",\"inLanguage\":\"de\",\"@id\":\"https:\\\/\\\/www.gerwicon.de\\\/#\\\/schema\\\/logo\\\/image\\\/\",\"url\":\"https:\\\/\\\/www.gerwicon.de\\\/wp-content\\\/uploads\\\/2024\\\/10\\\/cropped-gerwigcon_Logo_header_4-1.png\",\"contentUrl\":\"https:\\\/\\\/www.gerwicon.de\\\/wp-content\\\/uploads\\\/2024\\\/10\\\/cropped-gerwigcon_Logo_header_4-1.png\",\"width\":1063,\"height\":377,\"caption\":\"Gerwig Finanz & Controlling\"},\"image\":{\"@id\":\"https:\\\/\\\/www.gerwicon.de\\\/#\\\/schema\\\/logo\\\/image\\\/\"}}]}<\/script>\n<!-- \/ Yoast SEO plugin. -->","yoast_head_json":{"title":"Leistungen - Gerwig","robots":{"index":"index","follow":"follow","max-snippet":"max-snippet:-1","max-image-preview":"max-image-preview:large","max-video-preview":"max-video-preview:-1"},"canonical":"https:\/\/www.gerwicon.de\/index.php\/leistungen\/","og_locale":"de_DE","og_type":"article","og_title":"Leistungen - Gerwig","og_description":"Leistungsportfolio nach den gesetzlichen Bestimmungen des Steuerberatergesetzes (\u00a7 6 Nr. 3 und 4)* Finanzbuchhaltung Buchen laufender Gesch\u00e4ftsvorf\u00e4lle: Sortieren, Kontieren und [&hellip;]","og_url":"https:\/\/www.gerwicon.de\/index.php\/leistungen\/","og_site_name":"Gerwig","article_modified_time":"2024-12-04T09:45:33+00:00","twitter_card":"summary_large_image","twitter_misc":{"Gesch\u00e4tzte Lesezeit":"2\u00a0Minuten"},"schema":{"@context":"https:\/\/schema.org","@graph":[{"@type":"WebPage","@id":"https:\/\/www.gerwicon.de\/index.php\/leistungen\/","url":"https:\/\/www.gerwicon.de\/index.php\/leistungen\/","name":"Leistungen - Gerwig","isPartOf":{"@id":"https:\/\/www.gerwicon.de\/#website"},"datePublished":"2024-10-01T15:20:39+00:00","dateModified":"2024-12-04T09:45:33+00:00","breadcrumb":{"@id":"https:\/\/www.gerwicon.de\/index.php\/leistungen\/#breadcrumb"},"inLanguage":"de","potentialAction":[{"@type":"ReadAction","target":["https:\/\/www.gerwicon.de\/index.php\/leistungen\/"]}]},{"@type":"BreadcrumbList","@id":"https:\/\/www.gerwicon.de\/index.php\/leistungen\/#breadcrumb","itemListElement":[{"@type":"ListItem","position":1,"name":"Startseite","item":"https:\/\/www.gerwicon.de\/"},{"@type":"ListItem","position":2,"name":"Leistungen"}]},{"@type":"WebSite","@id":"https:\/\/www.gerwicon.de\/#website","url":"https:\/\/www.gerwicon.de\/","name":"Gerwig Finanz & Controlling","description":"Finanz &amp; Controlling","publisher":{"@id":"https:\/\/www.gerwicon.de\/#organization"},"potentialAction":[{"@type":"SearchAction","target":{"@type":"EntryPoint","urlTemplate":"https:\/\/www.gerwicon.de\/?s={search_term_string}"},"query-input":{"@type":"PropertyValueSpecification","valueRequired":true,"valueName":"search_term_string"}}],"inLanguage":"de"},{"@type":"Organization","@id":"https:\/\/www.gerwicon.de\/#organization","name":"Gerwig Finanz & Controlling","url":"https:\/\/www.gerwicon.de\/","logo":{"@type":"ImageObject","inLanguage":"de","@id":"https:\/\/www.gerwicon.de\/#\/schema\/logo\/image\/","url":"https:\/\/www.gerwicon.de\/wp-content\/uploads\/2024\/10\/cropped-gerwigcon_Logo_header_4-1.png","contentUrl":"https:\/\/www.gerwicon.de\/wp-content\/uploads\/2024\/10\/cropped-gerwigcon_Logo_header_4-1.png","width":1063,"height":377,"caption":"Gerwig Finanz & Controlling"},"image":{"@id":"https:\/\/www.gerwicon.de\/#\/schema\/logo\/image\/"}}]}},"_links":{"self":[{"href":"https:\/\/www.gerwicon.de\/index.php\/wp-json\/wp\/v2\/pages\/520","targetHints":{"allow":["GET"]}}],"collection":[{"href":"https:\/\/www.gerwicon.de\/index.php\/wp-json\/wp\/v2\/pages"}],"about":[{"href":"https:\/\/www.gerwicon.de\/index.php\/wp-json\/wp\/v2\/types\/page"}],"author":[{"embeddable":true,"href":"https:\/\/www.gerwicon.de\/index.php\/wp-json\/wp\/v2\/users\/1"}],"replies":[{"embeddable":true,"href":"https:\/\/www.gerwicon.de\/index.php\/wp-json\/wp\/v2\/comments?post=520"}],"version-history":[{"count":15,"href":"https:\/\/www.gerwicon.de\/index.php\/wp-json\/wp\/v2\/pages\/520\/revisions"}],"predecessor-version":[{"id":1894,"href":"https:\/\/www.gerwicon.de\/index.php\/wp-json\/wp\/v2\/pages\/520\/revisions\/1894"}],"wp:attachment":[{"href":"https:\/\/www.gerwicon.de\/index.php\/wp-json\/wp\/v2\/media?parent=520"}],"curies":[{"name":"wp","href":"https:\/\/api.w.org\/{rel}","templated":true}]}}